{"id":2764,"date":"2026-03-05T15:33:51","date_gmt":"2026-03-05T15:33:51","guid":{"rendered":"https:\/\/alabotnarescu.art\/?post_type=product&#038;p=2764"},"modified":"2026-03-11T07:32:51","modified_gmt":"2026-03-11T07:32:51","slug":"spring-abstraction-painting-for-sale","status":"publish","type":"product","link":"https:\/\/alabotnarescu.art\/de\/produkt\/spring-abstraction-painting-for-sale\/","title":{"rendered":"Fr\u00fchlings-Abstraktionsgem\u00e4lde zu verkaufen \u2013 Originales 42 \u00d7 42 cm Kunstwerk"},"content":{"rendered":"<h4 data-start=\"1230\" data-end=\"1308\"><strong data-start=\"1238\" data-end=\"1306\">Fr\u00fchlings-Abstraktionsgem\u00e4lde zu verkaufen \u2013 Originales abstraktes Kunstwerk<\/strong><\/h4>\n<p data-start=\"1310\" data-end=\"1646\">Entdecke <strong data-start=\"1319\" data-end=\"1343\">\u201eFr\u00fchlings-Abstraktion\u201c<\/strong>, ein 42 \u00d7 42 cm gro\u00dfes originales abstraktes Gem\u00e4lde, geschaffen, um die lebendige Energie des Fr\u00fchlings in dein Zuhause zu bringen. Gerahmt in einem Schattenfugenrahmen mit wei\u00dfen Kanten und silbernen Frontplatten, vereint dieses Kunstwerk taktile Texturen, expressive Gesten und eine dynamische Farbpalette, inspiriert vom Erwachen der Natur.<\/p>\n<p data-start=\"1648\" data-end=\"1721\">Dieses Werk ist perfekt f\u00fcr Sammler und Interior-Liebhaber, die Folgendes suchen:<\/p>\n<p data-start=\"1724\" data-end=\"1785\">\u2713 Zeitgen\u00f6ssische abstrakte Gem\u00e4lde zur Aufwertung moderner Innenr\u00e4ume<\/p>\n<p data-start=\"1788\" data-end=\"1853\">\u2713 Originale Kunstwerke mit expressiven Texturen und geschichteten Oberfl\u00e4chen<\/p>\n<p data-start=\"1856\" data-end=\"1912\">\u2713 Werke voller saisonaler Energie und ausdrucksstarker Farben<\/p>\n<h4 data-start=\"1914\" data-end=\"1969\"><strong data-start=\"1922\" data-end=\"1969\">Lebendige Fr\u00fchlingsfarben und expressive Texturen<\/strong><\/h4>\n<ul>\n<li data-start=\"1973\" data-end=\"2018\"><strong data-start=\"1973\" data-end=\"1982\">Wei\u00df<\/strong> \u2014 verweilender Schnee und sanftes Licht<\/li>\n<li data-start=\"2021\" data-end=\"2077\"><strong data-start=\"2021\" data-end=\"2029\">Blau<\/strong> \u2014 flie\u00dfendes Wasser und energetische Fr\u00fchlingsstr\u00f6mungen<\/li>\n<li data-start=\"2080\" data-end=\"2123\"><strong data-start=\"2080\" data-end=\"2097\">Leuchtendes Gr\u00fcn<\/strong> \u2014 die Wiederbelebung der Natur<\/li>\n<li data-start=\"2126\" data-end=\"2166\"><strong data-start=\"2126\" data-end=\"2133\">Rot<\/strong> \u2014 Liebe, Bl\u00fcten und Energie<\/li>\n<\/ul>\n<p data-start=\"2168\" data-end=\"2277\">Jede Farbe interagiert mit der strukturierten Oberfl\u00e4che und erzeugt Tiefe, Bewegung und ein immersives visuelles Erlebnis.<\/p>\n<h4 data-start=\"2279\" data-end=\"2323\"><strong data-start=\"2287\" data-end=\"2323\">K\u00fcnstlerischer Prozess hinter dem Werk<\/strong><\/h4>\n<p data-start=\"2325\" data-end=\"2740\">Dieses Gem\u00e4lde begann mit \u00fcbriggebliebener schwarzer Tinte, strukturierten Pasten und Farben, die zun\u00e4chst von Hand aufgetragen wurden und die ersten intuitiven Schichten einer Komposition bildeten, die noch nach ihrer Richtung suchte. Die anf\u00e4nglichen Schichten fingen rohe, organische Energie ein, w\u00e4hrend sp\u00e4tere Verfeinerungen mit einer Spachtel und kleinen Pinseln die Texturen und Details zu einer ausgewogenen Komposition f\u00fchrten. Das Ergebnis ist eine harmonische Verbindung aus instinktiven Gesten und kontrollierten Details, die jede Betrachtung zu einem einzigartigen Erlebnis macht.<\/p>\n<h4 data-start=\"2742\" data-end=\"2774\"><strong data-start=\"2750\" data-end=\"2774\">Kaufinformationen<\/strong><\/h4>\n<p data-start=\"2776\" data-end=\"3077\">Sicherer Kauf auf meiner Website. Versand in die USA inklusive \u00fcber <a href=\"https:\/\/www.saatchiart.com\/en-de\/studio\/art\/13661415\/overview\" rel=\"nofollow noopener\" target=\"_blank\">Saatchiart<\/a><br data-start=\"2833\" data-end=\"2836\" \/>\u2705 Jetzt verf\u00fcgbar f\u00fcr Sammler und Interior-Liebhaber<br data-start=\"2898\" data-end=\"2901\" \/>\u2705 Rahmen: Schattenfugenrahmen, wei\u00dfe Kanten mit silbernen Frontplatten<br data-start=\"2964\" data-end=\"2967\" \/>\u2705 Ma\u00dfe: 42 \u00d7 42 cm<\/p>\n<p data-start=\"2776\" data-end=\"3077\">\ud83d\udccd Entstanden und derzeit ausgestellt in der Atelier Galerie Ala Botnarescu,<br \/>\nKirchplatz 3, 88175 Scheidegg (Bavaria), DE.<\/p>\n<h4 data-start=\"3079\" data-end=\"3117\"><strong data-start=\"3087\" data-end=\"3117\">Warum dieses Gem\u00e4lde sammeln?<\/strong><\/h4>\n<p data-start=\"3119\" data-end=\"3399\">\u201eFr\u00fchlings-Abstraktion\u201c zu besitzen bedeutet, ein originales, taktiles und lebendiges abstraktes Werk zu deiner Sammlung hinzuzuf\u00fcgen. Es wurde gestaltet, um in Wohnr\u00e4umen, B\u00fcros oder Galerien einen Blickfang zu schaffen und saisonale Frische, emotionale Tiefe sowie zeitgen\u00f6ssische Energie zu bieten.<\/p>\n<p data-start=\"3401\" data-end=\"3519\"><em>\ud83c\udf9e\ufe0f Schau dir das <a href=\"https:\/\/www.youtube.com\/shorts\/9njAxpVzy8g\" rel=\"nofollow noopener\" target=\"_blank\">YouTube-Reel<\/a> und die Energie sowie Entschlossenheit hinter dem Schaffensprozess erleben.<\/em><\/p>","protected":false},"excerpt":{"rendered":"<p><strong>Jahr<\/strong> 2026<br \/>\n<strong>Technik:<\/strong> Mixed-Media-Kunst<br \/>\n<strong>Gr\u00f6\u00dfe:<\/strong> 42 x 42 cm<br \/>\n<strong>Status:<\/strong> Auch verf\u00fcgbar auf <a href=\"https:\/\/www.saatchiart.com\/en-de\/studio\/art\/13661415\/overview\">Saatchiart<\/a><br \/>\n<a href=\"https:\/\/www.youtube.com\/shorts\/9njAxpVzy8g\">YouTube-Video-Reel<\/a><\/p>","protected":false},"featured_media":2755,"comment_status":"open","ping_status":"closed","template":"","meta":{"_uag_custom_page_level_css":""},"product_brand":[],"product_cat":[41],"product_tag":[153,221,220,222],"class_list":{"0":"post-2764","1":"product","2":"type-product","3":"status-publish","4":"has-post-thumbnail","6":"product_cat-paintings","7":"product_tag-abstractcanvasart","8":"product_tag-originalabstractpainting","9":"product_tag-springabstractionpainting","10":"product_tag-texturedabstractart","12":"first","13":"instock","14":"sold-individually","15":"taxable","16":"shipping-taxable","17":"purchasable","18":"product-type-simple"},"uagb_featured_image_src":{"full":["https:\/\/i0.wp.com\/alabotnarescu.art\/wp-content\/uploads\/2026\/03\/DSC_7719b.jpg?fit=2200%2C1200&ssl=1",2200,1200,false],"thumbnail":["https:\/\/i0.wp.com\/alabotnarescu.art\/wp-content\/uploads\/2026\/03\/DSC_7719b.jpg?resize=150%2C150&ssl=1",150,150,true],"medium":["https:\/\/i0.wp.com\/alabotnarescu.art\/wp-content\/uploads\/2026\/03\/DSC_7719b.jpg?fit=300%2C164&ssl=1",300,164,true],"medium_large":["https:\/\/i0.wp.com\/alabotnarescu.art\/wp-content\/uploads\/2026\/03\/DSC_7719b.jpg?fit=768%2C419&ssl=1",768,419,true],"large":["https:\/\/i0.wp.com\/alabotnarescu.art\/wp-content\/uploads\/2026\/03\/DSC_7719b.jpg?fit=900%2C491&ssl=1",900,491,true],"1536x1536":["https:\/\/i0.wp.com\/alabotnarescu.art\/wp-content\/uploads\/2026\/03\/DSC_7719b.jpg?fit=1536%2C838&ssl=1",1536,838,true],"2048x2048":["https:\/\/i0.wp.com\/alabotnarescu.art\/wp-content\/uploads\/2026\/03\/DSC_7719b.jpg?fit=2048%2C1117&ssl=1",2048,1117,true],"trp-custom-language-flag":["https:\/\/i0.wp.com\/alabotnarescu.art\/wp-content\/uploads\/2026\/03\/DSC_7719b.jpg?fit=18%2C10&ssl=1",18,10,true],"post-thumbnail":["https:\/\/i0.wp.com\/alabotnarescu.art\/wp-content\/uploads\/2026\/03\/DSC_7719b.jpg?resize=559%2C220&ssl=1",559,220,true],"waldo_blog_image":["https:\/\/i0.wp.com\/alabotnarescu.art\/wp-content\/uploads\/2026\/03\/DSC_7719b.jpg?resize=750%2C500&ssl=1",750,500,true],"waldo_blog_gallery_image":["https:\/\/i0.wp.com\/alabotnarescu.art\/wp-content\/uploads\/2026\/03\/DSC_7719b.jpg?resize=750%2C375&ssl=1",750,375,true],"rpwe-thumbnail":["https:\/\/i0.wp.com\/alabotnarescu.art\/wp-content\/uploads\/2026\/03\/DSC_7719b.jpg?resize=45%2C45&ssl=1",45,45,true],"woocommerce_thumbnail":["https:\/\/i0.wp.com\/alabotnarescu.art\/wp-content\/uploads\/2026\/03\/DSC_7719b.jpg?resize=300%2C300&ssl=1",300,300,true],"woocommerce_single":["https:\/\/i0.wp.com\/alabotnarescu.art\/wp-content\/uploads\/2026\/03\/DSC_7719b.jpg?fit=600%2C327&ssl=1",600,327,true],"woocommerce_gallery_thumbnail":["https:\/\/i0.wp.com\/alabotnarescu.art\/wp-content\/uploads\/2026\/03\/DSC_7719b.jpg?resize=100%2C100&ssl=1",100,100,true]},"uagb_author_info":{"display_name":"Ala Botnarescu","author_link":"https:\/\/alabotnarescu.art\/de\/author\/"},"uagb_comment_info":0,"uagb_excerpt":"Year: 2026 Technique: mixed art Size: 42 x 42 cm Status: Available also on Saatchiart YouTube Video Reel","jetpack_sharing_enabled":true,"_links":{"self":[{"href":"https:\/\/alabotnarescu.art\/de\/wp-json\/wp\/v2\/product\/2764","targetHints":{"allow":["GET"]}}],"collection":[{"href":"https:\/\/alabotnarescu.art\/de\/wp-json\/wp\/v2\/product"}],"about":[{"href":"https:\/\/alabotnarescu.art\/de\/wp-json\/wp\/v2\/types\/product"}],"replies":[{"embeddable":true,"href":"https:\/\/alabotnarescu.art\/de\/wp-json\/wp\/v2\/comments?post=2764"}],"wp:featuredmedia":[{"embeddable":true,"href":"https:\/\/alabotnarescu.art\/de\/wp-json\/wp\/v2\/media\/2755"}],"wp:attachment":[{"href":"https:\/\/alabotnarescu.art\/de\/wp-json\/wp\/v2\/media?parent=2764"}],"wp:term":[{"taxonomy":"product_brand","embeddable":true,"href":"https:\/\/alabotnarescu.art\/de\/wp-json\/wp\/v2\/product_brand?post=2764"},{"taxonomy":"product_cat","embeddable":true,"href":"https:\/\/alabotnarescu.art\/de\/wp-json\/wp\/v2\/product_cat?post=2764"},{"taxonomy":"product_tag","embeddable":true,"href":"https:\/\/alabotnarescu.art\/de\/wp-json\/wp\/v2\/product_tag?post=2764"}],"curies":[{"name":"wp","href":"https:\/\/api.w.org\/{rel}","templated":true}]}}