{"id":2620,"date":"2026-01-26T16:03:27","date_gmt":"2026-01-26T16:03:27","guid":{"rendered":"https:\/\/alabotnarescu.art\/?post_type=product&#038;p=2620"},"modified":"2026-01-28T10:10:40","modified_gmt":"2026-01-28T10:10:40","slug":"reckless-original-inktober-2025-drawing","status":"publish","type":"product","link":"https:\/\/alabotnarescu.art\/de\/produkt\/reckless-original-inktober-2025-drawing\/","title":{"rendered":"Reckless Original Inktober 2025 Zeichnung"},"content":{"rendered":"<p data-start=\"610\" data-end=\"819\">Reckless\u201d Original Inktober 2025 Zeichnung \u2014 gerahmt, veredelt und bereit f\u00fcr ihr neues Zuhause.<br data-start=\"689\" data-end=\"692\" \/>Dies ist die originale Inktober 2025 Zeichnung von Ala Botnarescu, inspiriert vom unerschrocken mutigen Thema \u201eReckless\u201c.<\/p>\n<p data-start=\"821\" data-end=\"1071\">Von Hand auf Karton gezeichnet, mit Passepartout veredelt und in einem Holzrahmen mit zweifarbigem Finish pr\u00e4sentiert: schwarze Vorderseite f\u00fcr selbstbewusste, b\u00fcrotaugliche Eleganz und wei\u00dfe Seiten f\u00fcr frische Perspektiven und kreative Offenheit.<\/p>\n<p data-start=\"1073\" data-end=\"1245\">Das Kunstwerk erforscht menschliche Schw\u00e4chen durch die pers\u00f6nliche Sichtweise der K\u00fcnstlerin. Es ist ein ehrliches, unverf\u00e4lschtes St\u00fcck, das kreatives Risiko wagt, anstatt auf Nummer sicher zu gehen.<\/p>\n<p data-start=\"1247\" data-end=\"1420\">Ein <strong data-start=\"1249\" data-end=\"1281\">einzigartiges Originalst\u00fcck<\/strong> aus dem Inktober-Universum, perfekt f\u00fcr Sammler, die mutige Ideen, Originalit\u00e4t und Kunst sch\u00e4tzen, die Komfortzonen herausfordert.<\/p>\n<p data-start=\"1422\" data-end=\"1439\">\u2728 Merkmale:<\/p>\n<ul data-start=\"1440\" data-end=\"1648\">\n<li data-start=\"1440\" data-end=\"1496\">\n<p data-start=\"1442\" data-end=\"1496\">Originale Inktober 2025 Zeichnung von Ala Botnarescu.<\/p>\n<\/li>\n<li data-start=\"1497\" data-end=\"1524\">\n<p data-start=\"1499\" data-end=\"1524\">Von Hand auf Karton gezeichnet.<\/p>\n<\/li>\n<li data-start=\"1525\" data-end=\"1553\">\n<p data-start=\"1527\" data-end=\"1553\">Gerahmt mit Passepartout.<\/p>\n<\/li>\n<li data-start=\"1554\" data-end=\"1607\">\n<p data-start=\"1556\" data-end=\"1607\">Zweifarbiger Holzrahmen (schwarze Vorderseite \/ wei\u00dfe Seiten).<\/p>\n<\/li>\n<li data-start=\"1608\" data-end=\"1648\">\n<p data-start=\"1610\" data-end=\"1648\">Bereit zum Aufh\u00e4ngen in Ihrem Zuhause oder B\u00fcro.<\/p>\n<\/li>\n<\/ul>\n<p data-start=\"1650\" data-end=\"1721\">Das Kunstwerk kann auch in meinem Studio besichtigt werden \ud83d\udccd Atelier Galerie Ala Botnarescu \u2013 <a href=\"https:\/\/share.google\/nbSQ1b8hYeOBGIwx0\" rel=\"nofollow noopener\" target=\"_blank\">Kirchplatz 3, 88175 Scheidegg<\/a>.<\/p>\n<p data-start=\"1192\" data-end=\"1248\">*Verf\u00fcgbar f\u00fcr US-Sammler:innen \u00fcber <a href=\"https:\/\/www.saatchiart.com\/en-de\/art\/Drawing-Reckless-Original-Inktober-2025-Drawing\/1921557\/13453289\/view\" target=\"_blank\" rel=\"noopener nofollow\">Saatchi Art<\/a>erh\u00e4ltlich, inklusive internationalem Versand.<\/p>\n<p data-start=\"1192\" data-end=\"1248\">Entdecken Sie weitere Schwarz-Wei\u00df-Zeichnungen mit Gelstift auf der <a href=\"https:\/\/alabotnarescu.art\/de\/portfolio\/black-and-white-drawings-portfolio\/\">Portfolio-Seite<\/a>.<\/p>","protected":false},"excerpt":{"rendered":"<p>Reckless\u201d Original Inktober 2025 Zeichnung von Ala Botnarescu, gerahmt und bereit f\u00fcr Ihre Wand. Ein einzigartiges Kunstwerk. 20 x 20 x 1,7 cm<\/p>","protected":false},"featured_media":2619,"comment_status":"open","ping_status":"closed","template":"","meta":{"_uag_custom_page_level_css":""},"product_brand":[],"product_cat":[43],"product_tag":[211,212,195,210],"class_list":{"0":"post-2620","1":"product","2":"type-product","3":"status-publish","4":"has-post-thumbnail","6":"product_cat-drawings","7":"product_tag-ala-botnarescu-art","8":"product_tag-framed-artwork","9":"product_tag-inktober-2025","10":"product_tag-original-drawing","12":"first","13":"instock","14":"sold-individually","15":"taxable","16":"shipping-taxable","17":"purchasable","18":"product-type-simple"},"uagb_featured_image_src":{"full":["https:\/\/i0.wp.com\/alabotnarescu.art\/wp-content\/uploads\/2025\/12\/DSC_7561.jpg?fit=1500%2C2237&ssl=1",1500,2237,false],"thumbnail":["https:\/\/i0.wp.com\/alabotnarescu.art\/wp-content\/uploads\/2025\/12\/DSC_7561.jpg?resize=150%2C150&ssl=1",150,150,true],"medium":["https:\/\/i0.wp.com\/alabotnarescu.art\/wp-content\/uploads\/2025\/12\/DSC_7561.jpg?fit=201%2C300&ssl=1",201,300,true],"medium_large":["https:\/\/i0.wp.com\/alabotnarescu.art\/wp-content\/uploads\/2025\/12\/DSC_7561.jpg?fit=768%2C1145&ssl=1",768,1145,true],"large":["https:\/\/i0.wp.com\/alabotnarescu.art\/wp-content\/uploads\/2025\/12\/DSC_7561.jpg?fit=900%2C1343&ssl=1",900,1343,true],"1536x1536":["https:\/\/i0.wp.com\/alabotnarescu.art\/wp-content\/uploads\/2025\/12\/DSC_7561.jpg?fit=1030%2C1536&ssl=1",1030,1536,true],"2048x2048":["https:\/\/i0.wp.com\/alabotnarescu.art\/wp-content\/uploads\/2025\/12\/DSC_7561.jpg?fit=1373%2C2048&ssl=1",1373,2048,true],"trp-custom-language-flag":["https:\/\/i0.wp.com\/alabotnarescu.art\/wp-content\/uploads\/2025\/12\/DSC_7561.jpg?fit=8%2C12&ssl=1",8,12,true],"post-thumbnail":["https:\/\/i0.wp.com\/alabotnarescu.art\/wp-content\/uploads\/2025\/12\/DSC_7561.jpg?resize=559%2C220&ssl=1",559,220,true],"waldo_blog_image":["https:\/\/i0.wp.com\/alabotnarescu.art\/wp-content\/uploads\/2025\/12\/DSC_7561.jpg?resize=750%2C500&ssl=1",750,500,true],"waldo_blog_gallery_image":["https:\/\/i0.wp.com\/alabotnarescu.art\/wp-content\/uploads\/2025\/12\/DSC_7561.jpg?resize=750%2C375&ssl=1",750,375,true],"rpwe-thumbnail":["https:\/\/i0.wp.com\/alabotnarescu.art\/wp-content\/uploads\/2025\/12\/DSC_7561.jpg?resize=45%2C45&ssl=1",45,45,true],"woocommerce_thumbnail":["https:\/\/i0.wp.com\/alabotnarescu.art\/wp-content\/uploads\/2025\/12\/DSC_7561.jpg?resize=300%2C300&ssl=1",300,300,true],"woocommerce_single":["https:\/\/i0.wp.com\/alabotnarescu.art\/wp-content\/uploads\/2025\/12\/DSC_7561.jpg?fit=600%2C895&ssl=1",600,895,true],"woocommerce_gallery_thumbnail":["https:\/\/i0.wp.com\/alabotnarescu.art\/wp-content\/uploads\/2025\/12\/DSC_7561.jpg?resize=100%2C100&ssl=1",100,100,true]},"uagb_author_info":{"display_name":"Ala Botnarescu","author_link":"https:\/\/alabotnarescu.art\/de\/author\/"},"uagb_comment_info":0,"uagb_excerpt":"\u201eReckless\u201d Original Inktober 2025 Drawing \u00a0by Ala Botnarescu, framed and ready for your wall. One-of-a-kind artwork. 20 x 20 x 1.7 cm","jetpack_sharing_enabled":true,"_links":{"self":[{"href":"https:\/\/alabotnarescu.art\/de\/wp-json\/wp\/v2\/product\/2620","targetHints":{"allow":["GET"]}}],"collection":[{"href":"https:\/\/alabotnarescu.art\/de\/wp-json\/wp\/v2\/product"}],"about":[{"href":"https:\/\/alabotnarescu.art\/de\/wp-json\/wp\/v2\/types\/product"}],"replies":[{"embeddable":true,"href":"https:\/\/alabotnarescu.art\/de\/wp-json\/wp\/v2\/comments?post=2620"}],"wp:featuredmedia":[{"embeddable":true,"href":"https:\/\/alabotnarescu.art\/de\/wp-json\/wp\/v2\/media\/2619"}],"wp:attachment":[{"href":"https:\/\/alabotnarescu.art\/de\/wp-json\/wp\/v2\/media?parent=2620"}],"wp:term":[{"taxonomy":"product_brand","embeddable":true,"href":"https:\/\/alabotnarescu.art\/de\/wp-json\/wp\/v2\/product_brand?post=2620"},{"taxonomy":"product_cat","embeddable":true,"href":"https:\/\/alabotnarescu.art\/de\/wp-json\/wp\/v2\/product_cat?post=2620"},{"taxonomy":"product_tag","embeddable":true,"href":"https:\/\/alabotnarescu.art\/de\/wp-json\/wp\/v2\/product_tag?post=2620"}],"curies":[{"name":"wp","href":"https:\/\/api.w.org\/{rel}","templated":true}]}}