{"id":2561,"date":"2025-12-19T18:06:51","date_gmt":"2025-12-19T18:06:51","guid":{"rendered":"https:\/\/alabotnarescu.art\/?post_type=product&#038;p=2561"},"modified":"2026-01-28T10:12:21","modified_gmt":"2026-01-28T10:12:21","slug":"original-inktober-drawing-weave","status":"publish","type":"product","link":"https:\/\/alabotnarescu.art\/de\/produkt\/original-inktober-drawing-weave\/","title":{"rendered":"Weave \u2013 Originale Inktober-Zeichnung 2025"},"content":{"rendered":"<p data-start=\"296\" data-end=\"338\"><strong>Schwarz auf Wei\u00df \u2013 mit strategischer Tiefe.<\/strong><\/p>\n<p data-start=\"296\" data-end=\"338\">Diese originale Inktober-Zeichnung mit dem Titel <em data-start=\"1862\" data-end=\"1869\">Weben<\/em>, entstand w\u00e4hrend der Inktober Challenge 2025. Sie ist aus flie\u00dfenden, ineinander verwobenen Linien aufgebaut, die sich drehen, \u00fcberlagern und Spannung vor einem dunklen Hintergrund aufbauen. Bandartige Formen schleifen und kreuzen sich und erzeugen ein Gef\u00fchl von Bewegung, Kontinuit\u00e4t und kontrollierter Komplexit\u00e4t.<\/p>\n<p data-start=\"415\" data-end=\"667\">Die Komposition deutet ein visuelles Geflecht an \u2013 Linien, die sich wie F\u00e4den verhalten und durch Wiederholung, Kr\u00fcmmung und Rhythmus den Raum aushandeln. Der Negativraum wird bewusst eingesetzt, sodass die Struktur klar bleibt, w\u00e4hrend die Formen ihre organische Energie bewahren.<\/p>\n<p data-start=\"602\" data-end=\"847\">K\u00fcrzlich gerahmt, wird das Kunstwerk in einem hochwertigen Rahmen aus 100 % Massivholz mit Passepartout pr\u00e4sentiert \u2013 klar, stabil und auf Langlebigkeit ausgelegt.<\/p>\n<p data-start=\"602\" data-end=\"847\">Die Rahmung unterstreicht das Kunstwerk, ohne es zu dominieren. Der wei\u00dfe Raum des Passepartouts l\u00e4sst die Komposition atmen, w\u00e4hrend der Massivholzrahmen Stabilit\u00e4t und Langlebigkeit gew\u00e4hrleistet. Diese Pr\u00e4sentation macht das Werk sowohl f\u00fcr private Sammlungen als auch f\u00fcr kuratierte Interieurs geeignet.<\/p>\n<p data-start=\"849\" data-end=\"932\"><em>Dies ist keine dekorative Kunst.<br data-start=\"963\" data-end=\"966\" \/>Es ist ein System von Linien \u2013 diszipliniert, flie\u00dfend und still kraftvoll.<\/em><\/p>\n<h3 data-start=\"1929\" data-end=\"1973\">Warum ein Original Inktober-Zeichnung sammeln<\/h3>\n<p data-start=\"1975\" data-end=\"2237\">Ein Original Inktober-Zeichnung zu besitzen bedeutet, einen Moment konzentrierter Sch\u00f6pfung zu sammeln. Inktober-Werke zeichnen sich durch klare Vorgaben aus: begrenzte Zeit, spezifische Werkzeuge und ein konzeptioneller Impuls. Diese Einschr\u00e4nkungen erzeugen Kunstwerke, die direkt, bewusst und ehrlich sind.<\/p>\n<p data-start=\"2239\" data-end=\"2304\">Dieses Original Inktober-Zeichnung ist ideal f\u00fcr Sammler:innen, die Wert auf Folgendes legen:<\/p>\n<ul data-start=\"2305\" data-end=\"2444\">\n<li data-start=\"2305\" data-end=\"2337\">\n<p data-start=\"2307\" data-end=\"2337\">Originale zeitgen\u00f6ssische Zeichnungen;<\/p>\n<\/li>\n<li data-start=\"2338\" data-end=\"2378\">\n<p data-start=\"2340\" data-end=\"2378\">Schwarz-Wei\u00df-geometrische Kompositionen;<\/p>\n<\/li>\n<li data-start=\"2379\" data-end=\"2414\">\n<p data-start=\"2381\" data-end=\"2414\">Minimalistische und konzeptgetriebene Kunst;<\/p>\n<\/li>\n<li data-start=\"2415\" data-end=\"2444\">\n<p data-start=\"2417\" data-end=\"2444\">Authentische Inktober-Kunstwerke.<\/p>\n<\/li>\n<\/ul>\n<p data-start=\"2446\" data-end=\"2647\">Es f\u00fcgt sich nahtlos in moderne Wohnr\u00e4ume, Studios, B\u00fcros und Galerier\u00e4ume ein. Ob einzeln pr\u00e4sentiert oder als Teil einer kuratierten Wand, beh\u00e4lt das Kunstwerk seine Pr\u00e4senz ruhig, aber selbstbewusst.<\/p>\n<p data-start=\"934\" data-end=\"1031\">Jetzt verf\u00fcgbar bei<br data-start=\"950\" data-end=\"953\" \/>\ud83d\udccd Atelier Galerie Ala Botnarescu, Kirchplatz 3, 88175 Scheidegg, Germany.<\/p>\n<p data-start=\"1033\" data-end=\"1190\">Ideal f\u00fcr Sammler:innen originaler Inktober-Werke, Liebhaber:innen geometrischer Abstraktion und alle, die Kunst mit Konzept, Zur\u00fcckhaltung und stiller Kraft sch\u00e4tzen.<\/p>\n<p data-start=\"1192\" data-end=\"1248\"><em>Gute Kunst erkl\u00e4rt sich nicht.<\/em><br data-start=\"1224\" data-end=\"1227\" \/><em>Sie verwebt Ideen. \ud83d\udda4\u2712\ufe0f<\/em><\/p>\n<p data-start=\"1192\" data-end=\"1248\"><em data-start=\"2732\" data-end=\"2772\">\ud83c\udf9e\ufe0f \u2013 <\/em>Sehen Sie das Kunstwerk in Bewegung in einem Reel auf meiner <a href=\"https:\/\/www.facebook.com\/reel\/1667250134237126\" rel=\"nofollow noopener\" target=\"_blank\">Facebook-Seite<\/a>.<\/p>\n<p data-start=\"1192\" data-end=\"1248\">*Verf\u00fcgbar f\u00fcr US-Sammler:innen \u00fcber <a href=\"https:\/\/www.saatchiart.com\/en-de\/art\/Drawing-Weave-Drawing-Original-Inktober-2025\/1921557\/13444309\/view\" rel=\"nofollow noopener\" target=\"_blank\">Saatchi Art<\/a>erh\u00e4ltlich, inklusive internationalem Versand.<\/p>\n<p data-start=\"1192\" data-end=\"1248\">Entdecken Sie weitere Schwarz-Wei\u00df-Zeichnungen mit Gelstift auf der <a href=\"https:\/\/alabotnarescu.art\/de\/portfolio\/black-and-white-drawings-portfolio\/\">Portfolio-Seite<\/a>.<\/p>","protected":false},"excerpt":{"rendered":"<p>Originale Inktober-Zeichnung 2025 in Tinte und Gelstift.<br \/>\nGeometrische Schwarz-Wei\u00df-Komposition, neu gerahmt in Massivholz mit Passepartout.<br \/>\nMa\u00dfe: 25 \u00d7 30 \u00d7 2,5 cm<br \/>\n<a href=\"https:\/\/www.facebook.com\/reel\/1667250134237126\">Facebook Reel<\/a><\/p>\n<p>&nbsp;<\/p>","protected":false},"featured_media":2562,"comment_status":"open","ping_status":"closed","template":"","meta":{"_uag_custom_page_level_css":""},"product_brand":[],"product_cat":[43],"product_tag":[205,206,204,203],"class_list":{"0":"post-2561","1":"product","2":"type-product","3":"status-publish","4":"has-post-thumbnail","6":"product_cat-drawings","7":"product_tag-black-and-white-drawing","8":"product_tag-contemporary-ink-art","9":"product_tag-geometric-art","10":"product_tag-inktober-original","12":"first","13":"instock","14":"sold-individually","15":"taxable","16":"shipping-taxable","17":"purchasable","18":"product-type-simple"},"uagb_featured_image_src":{"full":["https:\/\/i0.wp.com\/alabotnarescu.art\/wp-content\/uploads\/2025\/12\/DSC_7529.jpg?fit=2000%2C1300&ssl=1",2000,1300,false],"thumbnail":["https:\/\/i0.wp.com\/alabotnarescu.art\/wp-content\/uploads\/2025\/12\/DSC_7529.jpg?resize=150%2C150&ssl=1",150,150,true],"medium":["https:\/\/i0.wp.com\/alabotnarescu.art\/wp-content\/uploads\/2025\/12\/DSC_7529.jpg?fit=300%2C195&ssl=1",300,195,true],"medium_large":["https:\/\/i0.wp.com\/alabotnarescu.art\/wp-content\/uploads\/2025\/12\/DSC_7529.jpg?fit=768%2C499&ssl=1",768,499,true],"large":["https:\/\/i0.wp.com\/alabotnarescu.art\/wp-content\/uploads\/2025\/12\/DSC_7529.jpg?fit=900%2C585&ssl=1",900,585,true],"1536x1536":["https:\/\/i0.wp.com\/alabotnarescu.art\/wp-content\/uploads\/2025\/12\/DSC_7529.jpg?fit=1536%2C998&ssl=1",1536,998,true],"2048x2048":["https:\/\/i0.wp.com\/alabotnarescu.art\/wp-content\/uploads\/2025\/12\/DSC_7529.jpg?fit=2000%2C1300&ssl=1",2000,1300,true],"trp-custom-language-flag":["https:\/\/i0.wp.com\/alabotnarescu.art\/wp-content\/uploads\/2025\/12\/DSC_7529.jpg?fit=18%2C12&ssl=1",18,12,true],"post-thumbnail":["https:\/\/i0.wp.com\/alabotnarescu.art\/wp-content\/uploads\/2025\/12\/DSC_7529.jpg?resize=559%2C220&ssl=1",559,220,true],"waldo_blog_image":["https:\/\/i0.wp.com\/alabotnarescu.art\/wp-content\/uploads\/2025\/12\/DSC_7529.jpg?resize=750%2C500&ssl=1",750,500,true],"waldo_blog_gallery_image":["https:\/\/i0.wp.com\/alabotnarescu.art\/wp-content\/uploads\/2025\/12\/DSC_7529.jpg?resize=750%2C375&ssl=1",750,375,true],"rpwe-thumbnail":["https:\/\/i0.wp.com\/alabotnarescu.art\/wp-content\/uploads\/2025\/12\/DSC_7529.jpg?resize=45%2C45&ssl=1",45,45,true],"woocommerce_thumbnail":["https:\/\/i0.wp.com\/alabotnarescu.art\/wp-content\/uploads\/2025\/12\/DSC_7529.jpg?resize=300%2C300&ssl=1",300,300,true],"woocommerce_single":["https:\/\/i0.wp.com\/alabotnarescu.art\/wp-content\/uploads\/2025\/12\/DSC_7529.jpg?fit=600%2C390&ssl=1",600,390,true],"woocommerce_gallery_thumbnail":["https:\/\/i0.wp.com\/alabotnarescu.art\/wp-content\/uploads\/2025\/12\/DSC_7529.jpg?resize=100%2C100&ssl=1",100,100,true]},"uagb_author_info":{"display_name":"Ala Botnarescu","author_link":"https:\/\/alabotnarescu.art\/de\/author\/"},"uagb_comment_info":0,"uagb_excerpt":"Original Inktober 2025 drawing in ink and gel pen. Geometric, black-and-white composition, newly framed in solid wood with passepartout. Size: 25 x 30 x 2.5 cm Facebook Reel &nbsp;","jetpack_sharing_enabled":true,"_links":{"self":[{"href":"https:\/\/alabotnarescu.art\/de\/wp-json\/wp\/v2\/product\/2561","targetHints":{"allow":["GET"]}}],"collection":[{"href":"https:\/\/alabotnarescu.art\/de\/wp-json\/wp\/v2\/product"}],"about":[{"href":"https:\/\/alabotnarescu.art\/de\/wp-json\/wp\/v2\/types\/product"}],"replies":[{"embeddable":true,"href":"https:\/\/alabotnarescu.art\/de\/wp-json\/wp\/v2\/comments?post=2561"}],"wp:featuredmedia":[{"embeddable":true,"href":"https:\/\/alabotnarescu.art\/de\/wp-json\/wp\/v2\/media\/2562"}],"wp:attachment":[{"href":"https:\/\/alabotnarescu.art\/de\/wp-json\/wp\/v2\/media?parent=2561"}],"wp:term":[{"taxonomy":"product_brand","embeddable":true,"href":"https:\/\/alabotnarescu.art\/de\/wp-json\/wp\/v2\/product_brand?post=2561"},{"taxonomy":"product_cat","embeddable":true,"href":"https:\/\/alabotnarescu.art\/de\/wp-json\/wp\/v2\/product_cat?post=2561"},{"taxonomy":"product_tag","embeddable":true,"href":"https:\/\/alabotnarescu.art\/de\/wp-json\/wp\/v2\/product_tag?post=2561"}],"curies":[{"name":"wp","href":"https:\/\/api.w.org\/{rel}","templated":true}]}}