{"id":2520,"date":"2025-12-09T19:46:48","date_gmt":"2025-12-09T19:46:48","guid":{"rendered":"https:\/\/alabotnarescu.art\/?post_type=product&#038;p=2520"},"modified":"2025-12-12T14:28:18","modified_gmt":"2025-12-12T14:28:18","slug":"original-framed-cat-portrait","status":"publish","type":"product","link":"https:\/\/alabotnarescu.art\/de\/produkt\/original-framed-cat-portrait\/","title":{"rendered":"Original Framed Cat Portrait \u2013 Stunning Hand-Inked Inktober Art"},"content":{"rendered":"<p data-start=\"267\" data-end=\"599\">Dieses originale, gerahmte Katzenportr\u00e4t wurde w\u00e4hrend der Challenge Inktober 2025 erstellt und stellt das abschlie\u00dfende Kunstwerk der Challenge dar. Es wurde am 31. Oktober zum Prompt \u201eAward\u201c gezeichnet.<\/p>\n<p data-start=\"601\" data-end=\"891\">The artwork is <strong data-start=\"616\" data-end=\"671\">hand-inked using black gel pen on warm yellow paper<\/strong>, a combination chosen for its soft contrast, tactile depth, and timeless graphic quality. Every line is drawn by hand, without digital intervention, making this piece a true original rather than a reproduction or print.<\/p>\n<p data-start=\"893\" data-end=\"1330\">Gro\u00dfe Sorgfalt wurde nicht nur auf die Zeichnung selbst gelegt, sondern auch auf den professionellen Rahmenprozess. Vom Ausrichten der Hilfslinien und Schnittmarken bis hin zur pr\u00e4zisen Abstimmung des Abstands zwischen Kunstwerk und Passepartout wurde der Rahmen mit Genauigkeit und Bedacht gefertigt. Die endg\u00fcltige Pr\u00e4sentation ist sauber, ausgewogen und bereit zum Aufh\u00e4ngen. Zur Authentizit\u00e4t und Provenienz geh\u00f6rt au\u00dferdem mein K\u00fcnstleretikett auf der R\u00fcckseite des Rahmens.<\/p>\n<p data-start=\"1332\" data-end=\"1434\">Diese gerahmte Illustration ist <strong data-start=\"1360\" data-end=\"1397\">signiert, eingerahmt und bereit zum Verschenken<\/strong>, wodurch sie zu einem idealen Sammlerst\u00fcck f\u00fcr folgende Personen wird:<\/p>\n<ul data-start=\"1435\" data-end=\"1595\">\n<li data-start=\"1435\" data-end=\"1449\">\n<p data-start=\"1437\" data-end=\"1449\">Katzenliebhaber;<\/p>\n<\/li>\n<li data-start=\"1450\" data-end=\"1490\">\n<p data-start=\"1452\" data-end=\"1490\">Liebhaber von Illustrationen und Tintenzeichnungen;<\/p>\n<\/li>\n<li data-start=\"1491\" data-end=\"1509\">\n<p data-start=\"1493\" data-end=\"1509\">Kunstsammler;<\/p>\n<\/li>\n<li data-start=\"1510\" data-end=\"1540\">\n<p data-start=\"1512\" data-end=\"1540\">Fans von Inktober-Originalen;<\/p>\n<\/li>\n<li data-start=\"1541\" data-end=\"1595\">\n<p data-start=\"1543\" data-end=\"1595\">Jeden, der handgefertigte, analoge Kunst sch\u00e4tzt.<\/p>\n<\/li>\n<\/ul>\n<h3 data-start=\"1597\" data-end=\"1629\">Ein durchdachtes Geschenk f\u00fcr die Feiertage<\/h3>\n<p data-start=\"1630\" data-end=\"1836\">Mit seinen warmen T\u00f6nen, der detaillierten Linienf\u00fchrung und dem eleganten Rahmen ist dieses Werk <strong data-start=\"1711\" data-end=\"1747\">ein einzigartiges Weihnachts- oder Feiertagsgeschenk<\/strong>. Es ist pers\u00f6nlich, haptisch und best\u00e4ndig \u2014 eine bedeutungsvolle Alternative zu Massenware.<\/p>\n<hr data-start=\"1838\" data-end=\"1841\" \/>\n<h3 data-start=\"1843\" data-end=\"1902\">Sieh dir den gesamten Entstehungs- und Rahmungsprozess auf YouTube an<\/h3>\n<p data-start=\"1904\" data-end=\"2014\">If you\u2019d like to see how this artwork came to life, you can follow the complete process on my YouTube channel:<\/p>\n<p data-start=\"2016\" data-end=\"2131\"><strong data-start=\"2016\" data-end=\"2070\">Teil 1 \u2014 Das Katzenportr\u00e4t zeichnen (Inktober 2025):<\/strong><br data-start=\"2070\" data-end=\"2073\" \/>Kurzes Reel:<br data-start=\"2084\" data-end=\"2087\" \/><a class=\"decorated-link\" href=\"https:\/\/www.youtube.com\/shorts\/ejNfBzr86Zg\" target=\"_new\" rel=\"noopener nofollow\" data-start=\"2087\" data-end=\"2129\">https:\/\/www.youtube.com\/shorts\/ejNfBzr86Zg<\/a><\/p>\n<p data-start=\"2133\" data-end=\"2202\">L\u00e4ngeres Zeichen-Video:<br data-start=\"2154\" data-end=\"2157\" \/><a class=\"decorated-link\" href=\"https:\/\/www.youtube.com\/watch?v=qV7p4Vtto3c\" target=\"_new\" rel=\"noopener nofollow\" data-start=\"2157\" data-end=\"2200\">https:\/\/www.youtube.com\/watch?v=qV7p4Vtto3c<\/a><\/p>\n<p data-start=\"2204\" data-end=\"2324\"><strong data-start=\"2204\" data-end=\"2243\">Teil 2 \u2014 Pr\u00e4ziser Rahmungsprozess:<\/strong><br data-start=\"2243\" data-end=\"2246\" \/>Sieh dir den Rahmungsprozess hier an:<br data-start=\"2277\" data-end=\"2280\" \/><a class=\"decorated-link\" href=\"https:\/\/www.youtube.com\/shorts\/hatUxGqTP6Q\" target=\"_new\" rel=\"noopener nofollow\" data-start=\"2280\" data-end=\"2322\">https:\/\/www.youtube.com\/shorts\/hatUxGqTP6Q<\/a><\/p>\n<p data-start=\"2326\" data-end=\"2437\">Mehr Behind-the-Scenes-Kunstinhalte findest du auf meinem <a href=\"https:\/\/www.youtube.com\/@AlaAbstract\" rel=\"nofollow noopener\" target=\"_blank\">YouTube-Kanal<\/a>:<\/p>\n<hr data-start=\"2439\" data-end=\"2442\" \/>\n<h2 data-start=\"282\" data-end=\"320\">\ud83d\udce6 Versandrichtlinien &amp; Verkaufskan\u00e4le<\/h2>\n<p data-start=\"322\" data-end=\"673\">Bitte beachten Sie, dass ich aufgrund aktueller internationaler Versandbestimmungen die Versandkosten f\u00fcr Bestellungen in die Vereinigten Staaten, die direkt \u00fcber diese Website oder private Kan\u00e4le get\u00e4tigt werden, nicht pers\u00f6nlich \u00fcbernehmen kann. Etwaige Versandgeb\u00fchren f\u00fcr Lieferungen in die USA werden separat berechnet und liegen in der Verantwortung des K\u00e4ufers.<\/p>\n<p data-start=\"675\" data-end=\"761\">Dieses Originalkunstwerk ist auch auf meinen offiziellen Partnerplattformen erh\u00e4ltlich:<\/p>\n<p data-start=\"763\" data-end=\"881\"><strong data-start=\"763\" data-end=\"793\">&#8211; <a href=\"https:\/\/www.etsy.com\/de-en\/listing\/4419484387\/original-framed-cat-portrait-inktober\" rel=\"nofollow noopener\" target=\"_blank\">Etsy<\/a><\/strong> \u2013 Direkter Verkauf durch die K\u00fcnstlerin.<\/p>\n<p data-start=\"883\" data-end=\"1071\"><strong data-start=\"883\" data-end=\"949\">&#8211; <a href=\"https:\/\/www.etsy.com\/de-en\/listing\/4419484387\/original-framed-cat-portrait-inktober\" rel=\"nofollow noopener\" target=\"_blank\">Saatchi Art<\/a><\/strong> \u2013 Internationaler Versand f\u00fcr K\u00e4ufer in den USA inklusive.<\/p>\n<p data-start=\"1073\" data-end=\"1263\">F\u00fcr Sammler in den Vereinigten Staaten k\u00f6nnte Saatchi Art die bequemste Option sein, da die Versandkosten in die USA direkt in deren Preis- und Abwicklungsprozess enthalten sind.<\/p>\n<p data-start=\"1265\" data-end=\"1428\">Wenn Sie unsicher sind, welche Plattform f\u00fcr Ihren Standort am besten geeignet ist, <a href=\"https:\/\/alabotnarescu.art\/de\/contact-ala-botnarescu-art-studio-scheidegg\/\">k\u00f6nnen Sie sich gerne an mich wenden<\/a> ich helfe Ihnen gerne dabei, den einfachsten Weg vom Atelier bis zu Ihrem Zuhause zu finden.<\/p>","protected":false},"excerpt":{"rendered":"<p>Original artwork (not a print).<br \/>\nSize: 22 x 22 x 1.5 cm.<br \/>\nTechnik: Gelstift und Tinte auf Papier.<br \/>\nGerahmt mit Passepartout.<br \/>\nSigniert, inklusive K\u00fcnstleretikett.<br \/>\nBereit zum Aufh\u00e4ngen.<\/p>","protected":false},"featured_media":2517,"comment_status":"open","ping_status":"closed","template":"","meta":{"_uag_custom_page_level_css":""},"product_brand":[],"product_cat":[43],"product_tag":[197,198,196,195],"class_list":{"0":"post-2520","1":"product","2":"type-product","3":"status-publish","4":"has-post-thumbnail","6":"product_cat-drawings","7":"product_tag-framed-cat-illustration","8":"product_tag-gel-pen-artwork","9":"product_tag-hand-inked-cat-portrait","10":"product_tag-inktober-2025","12":"first","13":"instock","14":"sold-individually","15":"taxable","16":"shipping-taxable","17":"purchasable","18":"product-type-simple"},"uagb_featured_image_src":{"full":["https:\/\/i0.wp.com\/alabotnarescu.art\/wp-content\/uploads\/2025\/12\/DSC_7526-CU-SIGla.jpg?fit=2000%2C1110&ssl=1",2000,1110,false],"thumbnail":["https:\/\/i0.wp.com\/alabotnarescu.art\/wp-content\/uploads\/2025\/12\/DSC_7526-CU-SIGla.jpg?resize=150%2C150&ssl=1",150,150,true],"medium":["https:\/\/i0.wp.com\/alabotnarescu.art\/wp-content\/uploads\/2025\/12\/DSC_7526-CU-SIGla.jpg?fit=300%2C167&ssl=1",300,167,true],"medium_large":["https:\/\/i0.wp.com\/alabotnarescu.art\/wp-content\/uploads\/2025\/12\/DSC_7526-CU-SIGla.jpg?fit=768%2C426&ssl=1",768,426,true],"large":["https:\/\/i0.wp.com\/alabotnarescu.art\/wp-content\/uploads\/2025\/12\/DSC_7526-CU-SIGla.jpg?fit=900%2C500&ssl=1",900,500,true],"1536x1536":["https:\/\/i0.wp.com\/alabotnarescu.art\/wp-content\/uploads\/2025\/12\/DSC_7526-CU-SIGla.jpg?fit=1536%2C852&ssl=1",1536,852,true],"2048x2048":["https:\/\/i0.wp.com\/alabotnarescu.art\/wp-content\/uploads\/2025\/12\/DSC_7526-CU-SIGla.jpg?fit=2000%2C1110&ssl=1",2000,1110,true],"trp-custom-language-flag":["https:\/\/i0.wp.com\/alabotnarescu.art\/wp-content\/uploads\/2025\/12\/DSC_7526-CU-SIGla.jpg?fit=18%2C10&ssl=1",18,10,true],"post-thumbnail":["https:\/\/i0.wp.com\/alabotnarescu.art\/wp-content\/uploads\/2025\/12\/DSC_7526-CU-SIGla.jpg?resize=559%2C220&ssl=1",559,220,true],"waldo_blog_image":["https:\/\/i0.wp.com\/alabotnarescu.art\/wp-content\/uploads\/2025\/12\/DSC_7526-CU-SIGla.jpg?resize=750%2C500&ssl=1",750,500,true],"waldo_blog_gallery_image":["https:\/\/i0.wp.com\/alabotnarescu.art\/wp-content\/uploads\/2025\/12\/DSC_7526-CU-SIGla.jpg?resize=750%2C375&ssl=1",750,375,true],"rpwe-thumbnail":["https:\/\/i0.wp.com\/alabotnarescu.art\/wp-content\/uploads\/2025\/12\/DSC_7526-CU-SIGla.jpg?resize=45%2C45&ssl=1",45,45,true],"woocommerce_thumbnail":["https:\/\/i0.wp.com\/alabotnarescu.art\/wp-content\/uploads\/2025\/12\/DSC_7526-CU-SIGla.jpg?resize=300%2C300&ssl=1",300,300,true],"woocommerce_single":["https:\/\/i0.wp.com\/alabotnarescu.art\/wp-content\/uploads\/2025\/12\/DSC_7526-CU-SIGla.jpg?fit=600%2C333&ssl=1",600,333,true],"woocommerce_gallery_thumbnail":["https:\/\/i0.wp.com\/alabotnarescu.art\/wp-content\/uploads\/2025\/12\/DSC_7526-CU-SIGla.jpg?resize=100%2C100&ssl=1",100,100,true]},"uagb_author_info":{"display_name":"Ala Botnarescu","author_link":"https:\/\/alabotnarescu.art\/de\/author\/"},"uagb_comment_info":0,"uagb_excerpt":"Original artwork (not a print). Size: 22 x 22 x 1.5 cm. Technique: Gel Pen, ink on paper. Framed with passepartout. Signed with artist label included. Ready to hang.","jetpack_sharing_enabled":true,"_links":{"self":[{"href":"https:\/\/alabotnarescu.art\/de\/wp-json\/wp\/v2\/product\/2520","targetHints":{"allow":["GET"]}}],"collection":[{"href":"https:\/\/alabotnarescu.art\/de\/wp-json\/wp\/v2\/product"}],"about":[{"href":"https:\/\/alabotnarescu.art\/de\/wp-json\/wp\/v2\/types\/product"}],"replies":[{"embeddable":true,"href":"https:\/\/alabotnarescu.art\/de\/wp-json\/wp\/v2\/comments?post=2520"}],"wp:featuredmedia":[{"embeddable":true,"href":"https:\/\/alabotnarescu.art\/de\/wp-json\/wp\/v2\/media\/2517"}],"wp:attachment":[{"href":"https:\/\/alabotnarescu.art\/de\/wp-json\/wp\/v2\/media?parent=2520"}],"wp:term":[{"taxonomy":"product_brand","embeddable":true,"href":"https:\/\/alabotnarescu.art\/de\/wp-json\/wp\/v2\/product_brand?post=2520"},{"taxonomy":"product_cat","embeddable":true,"href":"https:\/\/alabotnarescu.art\/de\/wp-json\/wp\/v2\/product_cat?post=2520"},{"taxonomy":"product_tag","embeddable":true,"href":"https:\/\/alabotnarescu.art\/de\/wp-json\/wp\/v2\/product_tag?post=2520"}],"curies":[{"name":"wp","href":"https:\/\/api.w.org\/{rel}","templated":true}]}}