{"id":2328,"date":"2025-11-03T09:53:10","date_gmt":"2025-11-03T09:53:10","guid":{"rendered":"https:\/\/alabotnarescu.art\/?post_type=product&#038;p=2328"},"modified":"2025-11-03T12:40:52","modified_gmt":"2025-11-03T12:40:52","slug":"handmade-resin-cube-preserved-cup","status":"publish","type":"product","link":"https:\/\/alabotnarescu.art\/de\/produkt\/handmade-resin-cube-preserved-cup\/","title":{"rendered":"Handgefertigter Harz-W\u00fcrfel mit konserviertem Plastikbecher"},"content":{"rendered":"<p><em data-start=\"154\" data-end=\"281\">Ein transparenter Resin-W\u00fcrfel, der einen kleinen Plastikbecher mit einem blauen Farbtropfen enth\u00e4lt.<\/em><br data-start=\"281\" data-end=\"284\" \/>Ein ma\u00dfgefertigter Resin-Kunstw\u00fcrfel kapselt einen kleinen Plastikbecher und einen 3D-blauen Farbtropfen ein und schafft so eine einzigartige, minimalistische Dekorationsskulptur. Die Geschichte hinter diesem St\u00fcck ist, dass nach dem Mischen von Acrylfarben mit Resin ein Tropfen blauen Resins auf dem Becher getrocknet ist \u2013 daher habe ich den Becher und den Farbtropfen in klarem Resin konserviert.<\/p>\n<p>Entdecken Sie <a href=\"https:\/\/alabotnarescu.art\/de\/portfolio\/portfolio-custom-resin-cubes\/\">das Portfolio<\/a> um weitere handgefertigte Resin-W\u00fcrfel-Kreationen zu entdecken.<\/p>","protected":false},"excerpt":{"rendered":"<p>Klarer Harz-W\u00fcrfel, der einen kleinen Plastikbecher mit einem blauen Acrylfarbtropfen einschlie\u00dft. Gr\u00f6\u00dfe: 6,5 \u00d7 6,5 cm.<\/p>","protected":false},"featured_media":2323,"comment_status":"open","ping_status":"closed","template":"","meta":{"_uag_custom_page_level_css":""},"product_brand":[],"product_cat":[39],"product_tag":[192,193,191,194],"class_list":{"0":"post-2328","1":"product","2":"type-product","3":"status-publish","4":"has-post-thumbnail","6":"product_cat-resin-art","7":"product_tag-handmade-home-decor","8":"product_tag-minimalist-resin-sculpture","9":"product_tag-resin-art-cube","10":"product_tag-unique-resin-gift","12":"first","13":"instock","14":"sold-individually","15":"taxable","16":"shipping-taxable","17":"purchasable","18":"product-type-simple"},"uagb_featured_image_src":{"full":["https:\/\/i0.wp.com\/alabotnarescu.art\/wp-content\/uploads\/2016\/10\/DSC_8826b.jpg?fit=2000%2C1335&ssl=1",2000,1335,false],"thumbnail":["https:\/\/i0.wp.com\/alabotnarescu.art\/wp-content\/uploads\/2016\/10\/DSC_8826b.jpg?resize=150%2C150&ssl=1",150,150,true],"medium":["https:\/\/i0.wp.com\/alabotnarescu.art\/wp-content\/uploads\/2016\/10\/DSC_8826b.jpg?fit=300%2C200&ssl=1",300,200,true],"medium_large":["https:\/\/i0.wp.com\/alabotnarescu.art\/wp-content\/uploads\/2016\/10\/DSC_8826b.jpg?fit=768%2C513&ssl=1",768,513,true],"large":["https:\/\/i0.wp.com\/alabotnarescu.art\/wp-content\/uploads\/2016\/10\/DSC_8826b.jpg?fit=900%2C601&ssl=1",900,601,true],"1536x1536":["https:\/\/i0.wp.com\/alabotnarescu.art\/wp-content\/uploads\/2016\/10\/DSC_8826b.jpg?fit=1536%2C1025&ssl=1",1536,1025,true],"2048x2048":["https:\/\/i0.wp.com\/alabotnarescu.art\/wp-content\/uploads\/2016\/10\/DSC_8826b.jpg?fit=2000%2C1335&ssl=1",2000,1335,true],"trp-custom-language-flag":["https:\/\/i0.wp.com\/alabotnarescu.art\/wp-content\/uploads\/2016\/10\/DSC_8826b.jpg?fit=18%2C12&ssl=1",18,12,true],"post-thumbnail":["https:\/\/i0.wp.com\/alabotnarescu.art\/wp-content\/uploads\/2016\/10\/DSC_8826b.jpg?resize=559%2C220&ssl=1",559,220,true],"waldo_blog_image":["https:\/\/i0.wp.com\/alabotnarescu.art\/wp-content\/uploads\/2016\/10\/DSC_8826b.jpg?resize=750%2C500&ssl=1",750,500,true],"waldo_blog_gallery_image":["https:\/\/i0.wp.com\/alabotnarescu.art\/wp-content\/uploads\/2016\/10\/DSC_8826b.jpg?resize=750%2C375&ssl=1",750,375,true],"rpwe-thumbnail":["https:\/\/i0.wp.com\/alabotnarescu.art\/wp-content\/uploads\/2016\/10\/DSC_8826b.jpg?resize=45%2C45&ssl=1",45,45,true],"woocommerce_thumbnail":["https:\/\/i0.wp.com\/alabotnarescu.art\/wp-content\/uploads\/2016\/10\/DSC_8826b.jpg?resize=300%2C300&ssl=1",300,300,true],"woocommerce_single":["https:\/\/i0.wp.com\/alabotnarescu.art\/wp-content\/uploads\/2016\/10\/DSC_8826b.jpg?fit=600%2C401&ssl=1",600,401,true],"woocommerce_gallery_thumbnail":["https:\/\/i0.wp.com\/alabotnarescu.art\/wp-content\/uploads\/2016\/10\/DSC_8826b.jpg?resize=100%2C100&ssl=1",100,100,true]},"uagb_author_info":{"display_name":"Ala Botnarescu","author_link":"https:\/\/alabotnarescu.art\/de\/author\/"},"uagb_comment_info":0,"uagb_excerpt":"Clear resin cube art encasing a small plastic cup with a blue acrylic paint drip. Size: Size: 6,5\u00d76,5 cm.","jetpack_sharing_enabled":true,"_links":{"self":[{"href":"https:\/\/alabotnarescu.art\/de\/wp-json\/wp\/v2\/product\/2328","targetHints":{"allow":["GET"]}}],"collection":[{"href":"https:\/\/alabotnarescu.art\/de\/wp-json\/wp\/v2\/product"}],"about":[{"href":"https:\/\/alabotnarescu.art\/de\/wp-json\/wp\/v2\/types\/product"}],"replies":[{"embeddable":true,"href":"https:\/\/alabotnarescu.art\/de\/wp-json\/wp\/v2\/comments?post=2328"}],"wp:featuredmedia":[{"embeddable":true,"href":"https:\/\/alabotnarescu.art\/de\/wp-json\/wp\/v2\/media\/2323"}],"wp:attachment":[{"href":"https:\/\/alabotnarescu.art\/de\/wp-json\/wp\/v2\/media?parent=2328"}],"wp:term":[{"taxonomy":"product_brand","embeddable":true,"href":"https:\/\/alabotnarescu.art\/de\/wp-json\/wp\/v2\/product_brand?post=2328"},{"taxonomy":"product_cat","embeddable":true,"href":"https:\/\/alabotnarescu.art\/de\/wp-json\/wp\/v2\/product_cat?post=2328"},{"taxonomy":"product_tag","embeddable":true,"href":"https:\/\/alabotnarescu.art\/de\/wp-json\/wp\/v2\/product_tag?post=2328"}],"curies":[{"name":"wp","href":"https:\/\/api.w.org\/{rel}","templated":true}]}}