{"id":1672,"date":"2025-07-08T14:57:48","date_gmt":"2025-07-08T14:57:48","guid":{"rendered":"https:\/\/alabotnarescu.art\/?post_type=product&#038;p=1672"},"modified":"2025-07-29T14:19:23","modified_gmt":"2025-07-29T14:19:23","slug":"gray-waves","status":"publish","type":"product","link":"https:\/\/alabotnarescu.art\/de\/produkt\/gray-waves\/","title":{"rendered":"Graue Wellen \u2013 Quadratische Mixed-Media-Kunst, 30\u00d730\u202fcm, Abstrakte Wanddekoration"},"content":{"rendered":"<p>Dieses zeitgen\u00f6ssische quadratische Kunstwerk (30\u202f\u00d7\u202f30\u202f\u00d7\u202f3,5\u202fcm) wurde als Mixed Media auf Leinwand geschaffen und mit einem gl\u00e4nzenden Harzfinish versehen. Die K\u00fcnstlerin kombiniert gekonnt Harz, Glimmerperlenpulver, Kunststoffperlen und zersto\u00dfene Silbersteine, um eine eindrucksvolle visuelle Textur und eine leuchtende Oberfl\u00e4che zu erzeugen. Das Zusammenspiel schimmernder Materialien verleiht der Komposition eine raffinierte und elegante \u00c4sthetik, die die Fl\u00fcssigkeit von Meereswellen in dezenten Graut\u00f6nen widerspiegelt. Ideal f\u00fcr moderne Wohnr\u00e4ume verbindet dieses Werk abstraktes Design mit einer taktilen, anspruchsvollen Oberfl\u00e4che.<\/p>","protected":false},"excerpt":{"rendered":"<p><strong>Technik:\u00a0<\/strong><span class=\"hide-from-lg\">&#8230;&#8230;&#8230;<\/span> Mixed Media auf Leinwand.<\/p>\n<p><strong>Gr\u00f6\u00dfe:\u00a0<\/strong><span class=\"hide-from-lg\">&#8230;&#8230;&#8230;<\/span> 30 x 30 x 3,5 cm.<\/p>","protected":false},"featured_media":1096,"comment_status":"open","ping_status":"closed","template":"","meta":{"_uag_custom_page_level_css":""},"product_brand":[],"product_cat":[39],"product_tag":[153,154,152,155],"class_list":{"0":"post-1672","1":"product","2":"type-product","3":"status-publish","4":"has-post-thumbnail","6":"product_cat-resin-art","7":"product_tag-abstractcanvasart","8":"product_tag-graywallart","9":"product_tag-mixedmediaart","10":"product_tag-resinart","12":"first","13":"instock","14":"sold-individually","15":"taxable","16":"shipping-taxable","17":"purchasable","18":"product-type-simple"},"uagb_featured_image_src":{"full":["https:\/\/i0.wp.com\/alabotnarescu.art\/wp-content\/uploads\/2016\/10\/shutterstock_575152360.jpg?fit=1500%2C1500&ssl=1",1500,1500,false],"thumbnail":["https:\/\/i0.wp.com\/alabotnarescu.art\/wp-content\/uploads\/2016\/10\/shutterstock_575152360.jpg?resize=150%2C150&ssl=1",150,150,true],"medium":["https:\/\/i0.wp.com\/alabotnarescu.art\/wp-content\/uploads\/2016\/10\/shutterstock_575152360.jpg?fit=300%2C300&ssl=1",300,300,true],"medium_large":["https:\/\/i0.wp.com\/alabotnarescu.art\/wp-content\/uploads\/2016\/10\/shutterstock_575152360.jpg?fit=768%2C768&ssl=1",768,768,true],"large":["https:\/\/i0.wp.com\/alabotnarescu.art\/wp-content\/uploads\/2016\/10\/shutterstock_575152360.jpg?fit=900%2C900&ssl=1",900,900,true],"1536x1536":["https:\/\/i0.wp.com\/alabotnarescu.art\/wp-content\/uploads\/2016\/10\/shutterstock_575152360.jpg?fit=1500%2C1500&ssl=1",1500,1500,true],"2048x2048":["https:\/\/i0.wp.com\/alabotnarescu.art\/wp-content\/uploads\/2016\/10\/shutterstock_575152360.jpg?fit=1500%2C1500&ssl=1",1500,1500,true],"trp-custom-language-flag":["https:\/\/i0.wp.com\/alabotnarescu.art\/wp-content\/uploads\/2016\/10\/shutterstock_575152360.jpg?fit=12%2C12&ssl=1",12,12,true],"post-thumbnail":["https:\/\/i0.wp.com\/alabotnarescu.art\/wp-content\/uploads\/2016\/10\/shutterstock_575152360.jpg?resize=559%2C220&ssl=1",559,220,true],"waldo_blog_image":["https:\/\/i0.wp.com\/alabotnarescu.art\/wp-content\/uploads\/2016\/10\/shutterstock_575152360.jpg?resize=750%2C500&ssl=1",750,500,true],"waldo_blog_gallery_image":["https:\/\/i0.wp.com\/alabotnarescu.art\/wp-content\/uploads\/2016\/10\/shutterstock_575152360.jpg?resize=750%2C375&ssl=1",750,375,true],"rpwe-thumbnail":["https:\/\/i0.wp.com\/alabotnarescu.art\/wp-content\/uploads\/2016\/10\/shutterstock_575152360.jpg?resize=45%2C45&ssl=1",45,45,true],"woocommerce_thumbnail":["https:\/\/i0.wp.com\/alabotnarescu.art\/wp-content\/uploads\/2016\/10\/shutterstock_575152360.jpg?resize=300%2C300&ssl=1",300,300,true],"woocommerce_single":["https:\/\/i0.wp.com\/alabotnarescu.art\/wp-content\/uploads\/2016\/10\/shutterstock_575152360.jpg?fit=600%2C600&ssl=1",600,600,true],"woocommerce_gallery_thumbnail":["https:\/\/i0.wp.com\/alabotnarescu.art\/wp-content\/uploads\/2016\/10\/shutterstock_575152360.jpg?resize=100%2C100&ssl=1",100,100,true]},"uagb_author_info":{"display_name":"Ala Botnarescu","author_link":"https:\/\/alabotnarescu.art\/de\/author\/"},"uagb_comment_info":0,"uagb_excerpt":"Technique:\u00a0......... Mixed media on canvas. Size:\u00a0......... 30 x 30 x 3,5 cm.","jetpack_sharing_enabled":true,"_links":{"self":[{"href":"https:\/\/alabotnarescu.art\/de\/wp-json\/wp\/v2\/product\/1672","targetHints":{"allow":["GET"]}}],"collection":[{"href":"https:\/\/alabotnarescu.art\/de\/wp-json\/wp\/v2\/product"}],"about":[{"href":"https:\/\/alabotnarescu.art\/de\/wp-json\/wp\/v2\/types\/product"}],"replies":[{"embeddable":true,"href":"https:\/\/alabotnarescu.art\/de\/wp-json\/wp\/v2\/comments?post=1672"}],"wp:featuredmedia":[{"embeddable":true,"href":"https:\/\/alabotnarescu.art\/de\/wp-json\/wp\/v2\/media\/1096"}],"wp:attachment":[{"href":"https:\/\/alabotnarescu.art\/de\/wp-json\/wp\/v2\/media?parent=1672"}],"wp:term":[{"taxonomy":"product_brand","embeddable":true,"href":"https:\/\/alabotnarescu.art\/de\/wp-json\/wp\/v2\/product_brand?post=1672"},{"taxonomy":"product_cat","embeddable":true,"href":"https:\/\/alabotnarescu.art\/de\/wp-json\/wp\/v2\/product_cat?post=1672"},{"taxonomy":"product_tag","embeddable":true,"href":"https:\/\/alabotnarescu.art\/de\/wp-json\/wp\/v2\/product_tag?post=1672"}],"curies":[{"name":"wp","href":"https:\/\/api.w.org\/{rel}","templated":true}]}}