{"id":1434,"date":"2024-09-28T18:29:05","date_gmt":"2024-09-28T18:29:05","guid":{"rendered":"https:\/\/alabotnarescu.art\/?post_type=product&#038;p=1434"},"modified":"2026-04-08T13:26:33","modified_gmt":"2026-04-08T13:26:33","slug":"1434","status":"publish","type":"product","link":"https:\/\/alabotnarescu.art\/de\/produkt\/1434\/","title":{"rendered":"Einzigartige, umweltfreundliche und personalisierte Ohrringe entdecken."},"content":{"rendered":"<p data-start=\"177\" data-end=\"218\">Einzigartige Designs f\u00fcr jeden Stil.<\/p>\n<p data-start=\"220\" data-end=\"441\">Entdecke unser umweltfreundliches und personalisiertes Geschenk: handgefertigte Ohrringe, die Individualit\u00e4t verk\u00f6rpern. Jedes Paar wird sorgf\u00e4ltig von Hand gezeichnet \u2013 kein St\u00fcck gleicht dem anderen. Dr\u00fccke deinen pers\u00f6nlichen Stil aus und unterst\u00fctze gleichzeitig nachhaltige Entscheidungen.<\/p>\n<p data-start=\"443\" data-end=\"480\"><strong data-start=\"443\" data-end=\"480\">Lightweight &amp; Comfortable to Wear<\/strong><\/p>\n<p data-start=\"482\" data-end=\"689\">Aus 100\u202f% leichtem, getrocknetem Holz gefertigt, sind diese Ohrringe federleicht \u2013 ideal f\u00fcr ganzt\u00e4gigen Tragekomfort. Das durchdachte Design vereint nat\u00fcrliche Sch\u00f6nheit mit Stil und spricht Liebhaber*innen origineller Holzschmuckst\u00fccke an.<\/p>\n<p data-start=\"691\" data-end=\"715\"><strong data-start=\"691\" data-end=\"715\">Durability Meets Art<\/strong><\/p>\n<p data-start=\"717\" data-end=\"913\">After the delicate hand-drawing, each piece is sealed with two layers of varnish to ensure lasting beauty and moisture resistance.<\/p>\n<h4 dir=\"auto\">Ansehen &amp; Entdecken:<\/h4>\n<ul>\n<li>This item is no longer available, but you can explore similar earrings on <a href=\"https:\/\/www.etsy.com\/de-en\/listing\/4436499951\/hand-painted-wooden-earrings-lightweight\" rel=\"nofollow noopener\" target=\"_blank\">meinem Etsy-Shop kaufen<\/a>.<\/li>\n<li dir=\"auto\">\ud83c\udf9e\ufe0f Watch the short video on YouTube to see <a href=\"https:\/\/www.youtube.com\/shorts\/3ZKBK4ADKbI\" rel=\"nofollow noopener\" target=\"_blank\">them in action<\/a>\u00a0und <a href=\"https:\/\/www.youtube.com\/shorts\/Y8ds1L2qPLY\" rel=\"nofollow noopener\" target=\"_blank\">how the jewelry is packaged<\/a>. Or check out my YouTube channel to watch <a href=\"https:\/\/www.youtube.com\/shorts\/UdiEPlfhVSU\" rel=\"nofollow noopener\" target=\"_blank\">the drawing process of the earrings.<\/a> Please Like &amp; Subscribe!<\/li>\n<li dir=\"auto\">Discover a broader collection of handmade jewelry featuring natural elements on <a href=\"https:\/\/alabotnarescu.art\/de\/portfolio\/natural-elements-jewelry-series\/\">the Portfolio page<\/a>.<\/li>\n<\/ul>\n<p data-start=\"915\" data-end=\"970\">","protected":false},"excerpt":{"rendered":"<p><strong data-start=\"81\" data-end=\"91\">Farbe:<\/strong> elb-Beige (Hauptfarbe), Schwarz (Sekund\u00e4rfarbe)<br data-start=\"133\" data-end=\"136\" \/><strong data-start=\"136\" data-end=\"150\" data-is-only-node=\"\">Materialien:<\/strong> Holz, Tinte<\/p>","protected":false},"featured_media":1436,"comment_status":"open","ping_status":"closed","template":"","meta":{"_uag_custom_page_level_css":""},"product_brand":[],"product_cat":[43],"product_tag":[114,113,112],"class_list":{"0":"post-1434","1":"product","2":"type-product","3":"status-publish","4":"has-post-thumbnail","6":"product_cat-drawings","7":"product_tag-ecofriendlyjewelry","8":"product_tag-handmadejewelry","9":"product_tag-woodenearrings","11":"first","12":"outofstock","13":"sale","14":"sold-individually","15":"purchasable","16":"product-type-simple"},"uagb_featured_image_src":{"full":["https:\/\/i0.wp.com\/alabotnarescu.art\/wp-content\/uploads\/2024\/09\/DSC_5845.jpg?fit=2000%2C1197&ssl=1",2000,1197,false],"thumbnail":["https:\/\/i0.wp.com\/alabotnarescu.art\/wp-content\/uploads\/2024\/09\/DSC_5845.jpg?resize=150%2C150&ssl=1",150,150,true],"medium":["https:\/\/i0.wp.com\/alabotnarescu.art\/wp-content\/uploads\/2024\/09\/DSC_5845.jpg?fit=300%2C180&ssl=1",300,180,true],"medium_large":["https:\/\/i0.wp.com\/alabotnarescu.art\/wp-content\/uploads\/2024\/09\/DSC_5845.jpg?fit=768%2C460&ssl=1",768,460,true],"large":["https:\/\/i0.wp.com\/alabotnarescu.art\/wp-content\/uploads\/2024\/09\/DSC_5845.jpg?fit=900%2C539&ssl=1",900,539,true],"1536x1536":["https:\/\/i0.wp.com\/alabotnarescu.art\/wp-content\/uploads\/2024\/09\/DSC_5845.jpg?fit=1536%2C919&ssl=1",1536,919,true],"2048x2048":["https:\/\/i0.wp.com\/alabotnarescu.art\/wp-content\/uploads\/2024\/09\/DSC_5845.jpg?fit=2000%2C1197&ssl=1",2000,1197,true],"trp-custom-language-flag":["https:\/\/i0.wp.com\/alabotnarescu.art\/wp-content\/uploads\/2024\/09\/DSC_5845.jpg?fit=18%2C12&ssl=1",18,12,true],"post-thumbnail":["https:\/\/i0.wp.com\/alabotnarescu.art\/wp-content\/uploads\/2024\/09\/DSC_5845.jpg?resize=559%2C220&ssl=1",559,220,true],"waldo_blog_image":["https:\/\/i0.wp.com\/alabotnarescu.art\/wp-content\/uploads\/2024\/09\/DSC_5845.jpg?resize=750%2C500&ssl=1",750,500,true],"waldo_blog_gallery_image":["https:\/\/i0.wp.com\/alabotnarescu.art\/wp-content\/uploads\/2024\/09\/DSC_5845.jpg?resize=750%2C375&ssl=1",750,375,true],"rpwe-thumbnail":["https:\/\/i0.wp.com\/alabotnarescu.art\/wp-content\/uploads\/2024\/09\/DSC_5845.jpg?resize=45%2C45&ssl=1",45,45,true],"woocommerce_thumbnail":["https:\/\/i0.wp.com\/alabotnarescu.art\/wp-content\/uploads\/2024\/09\/DSC_5845.jpg?resize=300%2C300&ssl=1",300,300,true],"woocommerce_single":["https:\/\/i0.wp.com\/alabotnarescu.art\/wp-content\/uploads\/2024\/09\/DSC_5845.jpg?fit=600%2C359&ssl=1",600,359,true],"woocommerce_gallery_thumbnail":["https:\/\/i0.wp.com\/alabotnarescu.art\/wp-content\/uploads\/2024\/09\/DSC_5845.jpg?resize=100%2C100&ssl=1",100,100,true]},"uagb_author_info":{"display_name":"Ala Botnarescu","author_link":"https:\/\/alabotnarescu.art\/de\/author\/"},"uagb_comment_info":0,"uagb_excerpt":"Color: Yellow-Beige (Primary), Black (Secondary)Materials: Wood, Ink","jetpack_sharing_enabled":true,"_links":{"self":[{"href":"https:\/\/alabotnarescu.art\/de\/wp-json\/wp\/v2\/product\/1434","targetHints":{"allow":["GET"]}}],"collection":[{"href":"https:\/\/alabotnarescu.art\/de\/wp-json\/wp\/v2\/product"}],"about":[{"href":"https:\/\/alabotnarescu.art\/de\/wp-json\/wp\/v2\/types\/product"}],"replies":[{"embeddable":true,"href":"https:\/\/alabotnarescu.art\/de\/wp-json\/wp\/v2\/comments?post=1434"}],"wp:featuredmedia":[{"embeddable":true,"href":"https:\/\/alabotnarescu.art\/de\/wp-json\/wp\/v2\/media\/1436"}],"wp:attachment":[{"href":"https:\/\/alabotnarescu.art\/de\/wp-json\/wp\/v2\/media?parent=1434"}],"wp:term":[{"taxonomy":"product_brand","embeddable":true,"href":"https:\/\/alabotnarescu.art\/de\/wp-json\/wp\/v2\/product_brand?post=1434"},{"taxonomy":"product_cat","embeddable":true,"href":"https:\/\/alabotnarescu.art\/de\/wp-json\/wp\/v2\/product_cat?post=1434"},{"taxonomy":"product_tag","embeddable":true,"href":"https:\/\/alabotnarescu.art\/de\/wp-json\/wp\/v2\/product_tag?post=1434"}],"curies":[{"name":"wp","href":"https:\/\/api.w.org\/{rel}","templated":true}]}}