{"id":174,"date":"2016-11-04T15:27:24","date_gmt":"2016-11-04T15:27:24","guid":{"rendered":"http:\/\/webredox.net\/demo\/wp\/waldo\/?page_id=174"},"modified":"2025-08-01T09:10:04","modified_gmt":"2025-08-01T09:10:04","slug":"in-the-press-2024","status":"publish","type":"page","link":"https:\/\/alabotnarescu.art\/de\/in-the-press-2024\/","title":{"rendered":"In der Presse 2024"},"content":{"rendered":"<div class=\"wpb-content-wrapper\"><div class=\"vc_row wpb_row vc_row-fluid\"><div class=\"wpb_column vc_column_container vc_col-sm-8\"><div class=\"vc_column-inner\"><div class=\"wpb_wrapper\">\n\t<div class=\"wpb_text_column wpb_content_element\" >\n\t\t<div class=\"wpb_wrapper\">\n\t\t\t<h2>1. &#8220;Review of the 21st Staufen Art Exhibition&#8221;<\/h2>\n<p>Published in <strong>&#8216;Oberstaufen Bl\u00e4ttle&#8217;.<\/strong><\/p>\n<p>Freitag, 26. April 2024<\/p>\n<p>Photo: Rudolf Schnellbach.<\/p>\n<p>Text: K\u00fcnstlerkreis Oberstaufen.<\/p>\n<p>\ud83d\udd17 Read the full article (in German) on the official website \u2013 see page 14:<br \/>\n<a href=\"https:\/\/www.oberstaufen.info\/fileadmin\/Website\/Dateien\/Mitteilungsblatt_2024\/09_2024-04-26.pdf\" rel=\"nofollow noopener\" target=\"_blank\">www.oberstaufen.info<\/a><\/p>\n<p><img data-recalc-dims=\"1\" loading=\"lazy\" decoding=\"async\" class=\"alignnone wp-image-1394\" src=\"https:\/\/i0.wp.com\/alabotnarescu.art\/wp-content\/uploads\/2024\/05\/20240501_201803.jpg?resize=600%2C505&#038;ssl=1\" alt=\"\" width=\"600\" height=\"505\" srcset=\"https:\/\/i0.wp.com\/alabotnarescu.art\/wp-content\/uploads\/2024\/05\/20240501_201803.jpg?resize=300%2C252&amp;ssl=1 300w, https:\/\/i0.wp.com\/alabotnarescu.art\/wp-content\/uploads\/2024\/05\/20240501_201803.jpg?resize=600%2C505&amp;ssl=1 600w, https:\/\/i0.wp.com\/alabotnarescu.art\/wp-content\/uploads\/2024\/05\/20240501_201803.jpg?resize=768%2C646&amp;ssl=1 768w, https:\/\/i0.wp.com\/alabotnarescu.art\/wp-content\/uploads\/2024\/05\/20240501_201803.jpg?resize=1320%2C1110&amp;ssl=1 1320w, https:\/\/i0.wp.com\/alabotnarescu.art\/wp-content\/uploads\/2024\/05\/20240501_201803.jpg?resize=24%2C20&amp;ssl=1 24w, https:\/\/i0.wp.com\/alabotnarescu.art\/wp-content\/uploads\/2024\/05\/20240501_201803.jpg?resize=36%2C30&amp;ssl=1 36w, https:\/\/i0.wp.com\/alabotnarescu.art\/wp-content\/uploads\/2024\/05\/20240501_201803.jpg?resize=48%2C40&amp;ssl=1 48w, https:\/\/i0.wp.com\/alabotnarescu.art\/wp-content\/uploads\/2024\/05\/20240501_201803.jpg?w=1346&amp;ssl=1 1346w\" sizes=\"auto, (max-width: 600px) 100vw, 600px\" \/><\/p>\n<p>&nbsp;<\/p>\n<h2>2. &#8220;Skeleton in Silk Webbing&#8221;.<\/h2>\n<p>Published in <strong>&#8216;Westallg\u00e4u&#8217;.<\/strong><\/p>\n<p>Friday, 19 April 2024 | Nr.91<\/p>\n<p>Text: Rosemarie Schwesinger.<\/p>\n<p>Photo: K\u00fcnstlerkreis Oberstaufen.<\/p>\n<p>\ud83d\udd17 Read the full article (in German) on the official website:<br \/>\n<a href=\"https:\/\/www.allgaeuer-zeitung.de\/immenstadt\/mit-ihrem-gemaelde-kleid-der-vergangenheit-erhielt-die-malerin-ala-botnarescu-den-staufener-kunstp-103555611\" rel=\"nofollow noopener\" target=\"_blank\">www.allgaeuer-zeitung.de<\/a><\/p>\n<p><img data-recalc-dims=\"1\" loading=\"lazy\" decoding=\"async\" class=\"aligncenter wp-image-1341 size-full\" src=\"https:\/\/i0.wp.com\/alabotnarescu.art\/wp-content\/uploads\/2024\/04\/2024-04-19-13.37.05_resized-2.jpg?resize=770%2C794&#038;ssl=1\" alt=\"\" width=\"770\" height=\"794\" srcset=\"https:\/\/i0.wp.com\/alabotnarescu.art\/wp-content\/uploads\/2024\/04\/2024-04-19-13.37.05_resized-2.jpg?w=770&amp;ssl=1 770w, https:\/\/i0.wp.com\/alabotnarescu.art\/wp-content\/uploads\/2024\/04\/2024-04-19-13.37.05_resized-2.jpg?resize=600%2C619&amp;ssl=1 600w, https:\/\/i0.wp.com\/alabotnarescu.art\/wp-content\/uploads\/2024\/04\/2024-04-19-13.37.05_resized-2.jpg?resize=291%2C300&amp;ssl=1 291w, https:\/\/i0.wp.com\/alabotnarescu.art\/wp-content\/uploads\/2024\/04\/2024-04-19-13.37.05_resized-2.jpg?resize=768%2C792&amp;ssl=1 768w, https:\/\/i0.wp.com\/alabotnarescu.art\/wp-content\/uploads\/2024\/04\/2024-04-19-13.37.05_resized-2.jpg?resize=24%2C24&amp;ssl=1 24w, https:\/\/i0.wp.com\/alabotnarescu.art\/wp-content\/uploads\/2024\/04\/2024-04-19-13.37.05_resized-2.jpg?resize=36%2C36&amp;ssl=1 36w, https:\/\/i0.wp.com\/alabotnarescu.art\/wp-content\/uploads\/2024\/04\/2024-04-19-13.37.05_resized-2.jpg?resize=48%2C48&amp;ssl=1 48w, https:\/\/i0.wp.com\/alabotnarescu.art\/wp-content\/uploads\/2024\/04\/2024-04-19-13.37.05_resized-2.jpg?resize=45%2C45&amp;ssl=1 45w\" sizes=\"auto, (max-width: 770px) 100vw, 770px\" \/><\/p>\n<p><span lang=\"ZH-CN\" style=\"font-size: 11.0pt; font-family: 'Calibri',sans-serif;\"><strong>&#8220;The artist Ala Botnarescu received the Staufner Art Prize for her artwork Dress of the Past<\/strong>Sie geh\u00f6rt dem K\u00fcnstlerkreis Oberstaufen an, der in seiner Jahresausstellung im Kurhaus vielf\u00e4ltige Arbeiten pr\u00e4sentiert.<\/span><\/p>\n<p><span lang=\"ZH-CN\" style=\"font-size: 11.0pt; font-family: 'Calibri',sans-serif;\">This year, an expert jury selected the artist Ala Botnarescu for her &#8220;Dress of the Past&#8221; with the Staufner Art Prize, worth 500 euros. An emotionally moving graphic in which a human skeleton is seen shimmering in a fragrant silk web&#8221; &#8211; <em>von Rosemarie Schwesinger<\/em>.<\/span><\/p>\n\n\t\t<\/div>\n\t<\/div>\n<\/div><\/div><\/div><div class=\"wpb_column vc_column_container vc_col-sm-4\"><div class=\"vc_column-inner\"><div class=\"wpb_wrapper\">\n\t<div  class=\"wpb_single_image wpb_content_element vc_align_left\">\n\t\t\n\t\t<figure class=\"wpb_wrapper vc_figure\">\n\t\t\t<div class=\"vc_single_image-wrapper   vc_box_border_grey\"><img loading=\"lazy\" decoding=\"async\" width=\"1920\" height=\"1260\" src=\"https:\/\/i0.wp.com\/alabotnarescu.art\/wp-content\/uploads\/2024\/04\/DSC_5340-2.jpg?fit=1920%2C1260&amp;ssl=1\" class=\"vc_single_image-img attachment-full\" alt=\"Staufner Kunstpreis 2024 \u2013 Ala Botnarescu Artwork \u2018A Dress from the Past\" title=\"Constanze H\u00f6finghoff, Ala Botnarescu, Tilmann Wolf, Hans-Peter Beyrer. Foto: Rudolf Schnellbach\" srcset=\"https:\/\/i0.wp.com\/alabotnarescu.art\/wp-content\/uploads\/2024\/04\/DSC_5340-2.jpg?w=1920&amp;ssl=1 1920w, https:\/\/i0.wp.com\/alabotnarescu.art\/wp-content\/uploads\/2024\/04\/DSC_5340-2.jpg?resize=600%2C394&amp;ssl=1 600w, https:\/\/i0.wp.com\/alabotnarescu.art\/wp-content\/uploads\/2024\/04\/DSC_5340-2.jpg?resize=300%2C197&amp;ssl=1 300w, https:\/\/i0.wp.com\/alabotnarescu.art\/wp-content\/uploads\/2024\/04\/DSC_5340-2.jpg?resize=768%2C504&amp;ssl=1 768w, https:\/\/i0.wp.com\/alabotnarescu.art\/wp-content\/uploads\/2024\/04\/DSC_5340-2.jpg?resize=1536%2C1008&amp;ssl=1 1536w, https:\/\/i0.wp.com\/alabotnarescu.art\/wp-content\/uploads\/2024\/04\/DSC_5340-2.jpg?resize=1320%2C866&amp;ssl=1 1320w, https:\/\/i0.wp.com\/alabotnarescu.art\/wp-content\/uploads\/2024\/04\/DSC_5340-2.jpg?resize=24%2C16&amp;ssl=1 24w, https:\/\/i0.wp.com\/alabotnarescu.art\/wp-content\/uploads\/2024\/04\/DSC_5340-2.jpg?resize=36%2C24&amp;ssl=1 36w, https:\/\/i0.wp.com\/alabotnarescu.art\/wp-content\/uploads\/2024\/04\/DSC_5340-2.jpg?resize=48%2C32&amp;ssl=1 48w, https:\/\/i0.wp.com\/alabotnarescu.art\/wp-content\/uploads\/2024\/04\/DSC_5340-2.jpg?w=1800&amp;ssl=1 1800w\" sizes=\"auto, (max-width: 900px) 100vw, 900px\" \/><\/div>\n\t\t<\/figure>\n\t<\/div>\n\n\t<div class=\"wpb_text_column wpb_content_element\" >\n\t\t<div class=\"wpb_wrapper\">\n\t\t\t<p>Artikel in den regionalen Zeitungen des Westallg\u00e4us:<\/p>\n<p>&nbsp;<\/p>\n<h3>&#8211; &#8216;Oberstaufen Bl\u00e4ttle&#8217;<\/h3>\n<p>Freitag, 26. April 2024<\/p>\n<p>&nbsp;<\/p>\n<h3>-&#8216;Westallg\u00e4u&#8217;<\/h3>\n<p>Freitag, 19. April 2024 \/ Nr. 91<\/p>\n<p>&nbsp;<\/p>\n<h3>&#8211; &#8216;Allg\u00e4uer Anzeigeblatt&#8217;<\/h3>\n<p>Samstag, 13. April 2024<\/p>\n\n\t\t<\/div>\n\t<\/div>\n<\/div><\/div><\/div><\/div>\n<\/div>","protected":false},"excerpt":{"rendered":"1. \"Review of the 21st Staufen Art Exhibition\" Published in 'Oberstaufen Bl\u00e4ttle'. Friday, 26 April 2024. Photo: Rudolf Schnellbach. Text: K\u00fcnstlerkreis Oberstaufen. \ud83d\udd17 Read the full article (in German) on the official website \u2013 see page 14: www.oberstaufen.info &nbsp; 2. \"Skeleton in Silk Webbing\". Published in 'Westallg\u00e4u'. Friday, 19 April 2024 | Nr.91 Text: Rosemarie [...]","protected":false},"author":1,"featured_media":1317,"parent":0,"menu_order":22,"comment_status":"closed","ping_status":"closed","template":"","meta":{"_uag_custom_page_level_css":"","footnotes":""},"class_list":["post-174","page","type-page","status-publish","has-post-thumbnail","hentry"],"uagb_featured_image_src":{"full":["https:\/\/i0.wp.com\/alabotnarescu.art\/wp-content\/uploads\/2024\/04\/2024-04-19-13.37.05_resized.jpg?fit=1920%2C801&ssl=1",1920,801,false],"thumbnail":["https:\/\/i0.wp.com\/alabotnarescu.art\/wp-content\/uploads\/2024\/04\/2024-04-19-13.37.05_resized.jpg?resize=150%2C150&ssl=1",150,150,true],"medium":["https:\/\/i0.wp.com\/alabotnarescu.art\/wp-content\/uploads\/2024\/04\/2024-04-19-13.37.05_resized.jpg?fit=300%2C125&ssl=1",300,125,true],"medium_large":["https:\/\/i0.wp.com\/alabotnarescu.art\/wp-content\/uploads\/2024\/04\/2024-04-19-13.37.05_resized.jpg?fit=768%2C320&ssl=1",768,320,true],"large":["https:\/\/i0.wp.com\/alabotnarescu.art\/wp-content\/uploads\/2024\/04\/2024-04-19-13.37.05_resized.jpg?fit=900%2C375&ssl=1",900,375,true],"1536x1536":["https:\/\/i0.wp.com\/alabotnarescu.art\/wp-content\/uploads\/2024\/04\/2024-04-19-13.37.05_resized.jpg?fit=1536%2C641&ssl=1",1536,641,true],"2048x2048":["https:\/\/i0.wp.com\/alabotnarescu.art\/wp-content\/uploads\/2024\/04\/2024-04-19-13.37.05_resized.jpg?fit=1920%2C801&ssl=1",1920,801,true],"trp-custom-language-flag":["https:\/\/i0.wp.com\/alabotnarescu.art\/wp-content\/uploads\/2024\/04\/2024-04-19-13.37.05_resized.jpg?fit=18%2C8&ssl=1",18,8,true],"post-thumbnail":["https:\/\/i0.wp.com\/alabotnarescu.art\/wp-content\/uploads\/2024\/04\/2024-04-19-13.37.05_resized.jpg?resize=559%2C220&ssl=1",559,220,true],"waldo_blog_image":["https:\/\/i0.wp.com\/alabotnarescu.art\/wp-content\/uploads\/2024\/04\/2024-04-19-13.37.05_resized.jpg?resize=750%2C500&ssl=1",750,500,true],"waldo_blog_gallery_image":["https:\/\/i0.wp.com\/alabotnarescu.art\/wp-content\/uploads\/2024\/04\/2024-04-19-13.37.05_resized.jpg?resize=750%2C375&ssl=1",750,375,true],"rpwe-thumbnail":["https:\/\/i0.wp.com\/alabotnarescu.art\/wp-content\/uploads\/2024\/04\/2024-04-19-13.37.05_resized.jpg?resize=45%2C45&ssl=1",45,45,true],"woocommerce_thumbnail":["https:\/\/i0.wp.com\/alabotnarescu.art\/wp-content\/uploads\/2024\/04\/2024-04-19-13.37.05_resized.jpg?resize=300%2C300&ssl=1",300,300,true],"woocommerce_single":["https:\/\/i0.wp.com\/alabotnarescu.art\/wp-content\/uploads\/2024\/04\/2024-04-19-13.37.05_resized.jpg?fit=600%2C250&ssl=1",600,250,true],"woocommerce_gallery_thumbnail":["https:\/\/i0.wp.com\/alabotnarescu.art\/wp-content\/uploads\/2024\/04\/2024-04-19-13.37.05_resized.jpg?resize=100%2C100&ssl=1",100,100,true]},"uagb_author_info":{"display_name":"Ala Botnarescu","author_link":"https:\/\/alabotnarescu.art\/de\/author\/alabotnarescu-art\/"},"uagb_comment_info":0,"uagb_excerpt":null,"jetpack_sharing_enabled":true,"_links":{"self":[{"href":"https:\/\/alabotnarescu.art\/de\/wp-json\/wp\/v2\/pages\/174","targetHints":{"allow":["GET"]}}],"collection":[{"href":"https:\/\/alabotnarescu.art\/de\/wp-json\/wp\/v2\/pages"}],"about":[{"href":"https:\/\/alabotnarescu.art\/de\/wp-json\/wp\/v2\/types\/page"}],"author":[{"embeddable":true,"href":"https:\/\/alabotnarescu.art\/de\/wp-json\/wp\/v2\/users\/1"}],"replies":[{"embeddable":true,"href":"https:\/\/alabotnarescu.art\/de\/wp-json\/wp\/v2\/comments?post=174"}],"version-history":[{"count":47,"href":"https:\/\/alabotnarescu.art\/de\/wp-json\/wp\/v2\/pages\/174\/revisions"}],"predecessor-version":[{"id":1852,"href":"https:\/\/alabotnarescu.art\/de\/wp-json\/wp\/v2\/pages\/174\/revisions\/1852"}],"wp:featuredmedia":[{"embeddable":true,"href":"https:\/\/alabotnarescu.art\/de\/wp-json\/wp\/v2\/media\/1317"}],"wp:attachment":[{"href":"https:\/\/alabotnarescu.art\/de\/wp-json\/wp\/v2\/media?parent=174"}],"curies":[{"name":"wp","href":"https:\/\/api.w.org\/{rel}","templated":true}]}}