{"id":123,"date":"2016-11-04T13:23:06","date_gmt":"2016-11-04T13:23:06","guid":{"rendered":"http:\/\/webredox.net\/demo\/wp\/waldo\/?page_id=123"},"modified":"2025-08-22T15:13:58","modified_gmt":"2025-08-22T15:13:58","slug":"about-us","status":"publish","type":"page","link":"https:\/\/alabotnarescu.art\/de\/about-us\/","title":{"rendered":"About Us"},"content":{"rendered":"<div class=\"wpb-content-wrapper\"><div class=\"vc_row wpb_row vc_row-fluid\"><div class=\"wpb_column vc_column_container vc_col-sm-6\"><div class=\"vc_column-inner\"><div class=\"wpb_wrapper\"><div class=\"col-md-6 col-md-height split-box-image cover-right  no-padding bg-image\" style=\"background-image: url(https:\/\/alabotnarescu.art\/wp-content\/uploads\/2016\/11\/team-4.jpg); background-position: 50% 50%;\"><div class=\"sbi-height padding-height-85\" ><\/div><\/div><\/div><\/div><\/div><div class=\"wpb_column vc_column_container vc_col-sm-6\"><div class=\"vc_column-inner\"><div class=\"wpb_wrapper\"><div class=\"col-md-6 col-md-height col-md-middle\" style=\"background-image: url(); \"><div class=\"split-box-content text-center\" ><div class=\"padding-30\" style=\"background-color: rgba(255,255,255,0.75);\">\n<h2>About me.<\/h2>\n<p data-start=\"130\" data-end=\"408\">My name is Ala, known on Instagram as <a href=\"https:\/\/www.instagram.com\/abstract_alunna\/\" rel=\"nofollow noopener\" target=\"_blank\">@abstract_alunna<\/a>. Originally from Moldova, I currently live in Bavaria, Germany. I\u2019m a graphic and web designer by profession, but my true passion has always been art \u2014 a love that began in childhood and grows stronger every day.<\/p>\n<p data-start=\"410\" data-end=\"628\">I explore abstract forms, psychological themes, and natural elements using a variety of techniques and materials: acrylic and oil paints, ink and gel pens, and resin combined with natural objects like wood and flowers.<\/p>\n<p data-start=\"630\" data-end=\"891\">Since I opened my studio-gallery in summer 2024, my focus has been fully on creating art. I invite art lovers to visit and discover my evolving portfolio, which reflects my deep emotions and personal themes: Kirchplatz 3, 88175, Scheidegg, Germany.<\/p>\n<p data-start=\"893\" data-end=\"1030\">From 2022 to 2025, I have been a member of the K\u00fcnstlerkreis Oberstaufen, marking the beginning of sharing my work with a wider audience.<\/p>\n<p data-start=\"893\" data-end=\"1030\"><strong>Ausstellungen:<\/strong><\/p>\n<p data-start=\"893\" data-end=\"1030\"><span data-sheets-root=\"1\"><strong>2025\u202f\u2013\u202fSolo Exhibition<\/strong> &#8216;Emotions as Inspiration &#8211; Art Exhibition by Ala Botnarescu&#8217;\u202f| Rathaus Weiler\u2011Simmerberg, Germany.<\/span><\/p>\n<p><strong>2024 &#8211; 2025: Private Solo Exhibition\u202f<\/strong>| Studio Galerie Ala Botnarescu, Kirchplatz 3, 88175 Scheidegg, Germany.<\/p>\n<p><strong>2024\u202f\u2013\u202f2025: Group Exhibition<\/strong> (with K\u00fcnstlerkreis Oberstaufen Circle).<br \/>\nVenues: Kurhaus Oberstaufen (2023\/2025), Landesgartenschau Wangen (2024), Lindenberg Passage (2025)\u202f| Germany.<\/p>\n<p><strong>2024\u202f\u2013\u202fTwo\u2011Person Exhibition<\/strong> (with Jeannette Lindermann)<br \/>\nVenue: Praxis Stefan Wieder | Isny, Germany.<\/p>\n<p><strong>2023: First Public Exhibition<\/strong> (K\u00fcnstlerkreis Oberstaufen group show)\u202f| <span data-sheets-root=\"1\">Venue: Kurhaus Oberstaufen, Germany.<\/span><\/p>\n<p><a class=\"btn btn-primary btn-lg\" href=\"https:\/\/alabotnarescu.art\/de\/contact\/\">Kontaktieren Sie mich<\/a><\/div><\/div><\/div><\/div><\/div><\/div><\/div><div class=\"vc_row wpb_row vc_row-fluid\"><div class=\"wpb_column vc_column_container vc_col-sm-6\"><div class=\"vc_column-inner\"><div class=\"wpb_wrapper\"><div class=\"col-md-6 col-md-height col-md-middle\" style=\" \"><div class=\"split-box-content text-center\" style=\"color: #a78339;\"><div class=\"padding-30\" style=\"background-color: rgba(0,7,10,0.95);\">\n<h2>Portfolio-Bewertungen<\/h2>\n<p>von STUDIO R\u00d6.<\/p>\n<blockquote><p><em>Wie bewerten Sie die Technik der K\u00fcnstlerin (in Bezug auf Farben, Formen, Textur und Gr\u00f6\u00dfe)? Was halten Sie von den verwendeten Materialien, dem Medium und dem Arbeitsprozess?<\/em><\/p><\/blockquote>\n<p>Studio R\u00f6: Ala&#8217;s palette is eclectic, but perhaps go a little deeper into geometric shapes if you feel comfortable with this technique. If you like to explore different styles, you can, but you have to think in series.<\/p>\n<p><a class=\"btn btn-white-bordered margin-top-10\" href=\"http:\/\/webredox.net\/demo\/wp\/waldo\/portfolio\/\" rel=\"nofollow noopener\" target=\"_blank\">See Our Portfolio<\/a> <a class=\"btn btn-primary margin-top-10\" href=\"http:\/\/webredox.net\/demo\/wp\/waldo\/contact\/\" rel=\"nofollow noopener\" target=\"_blank\">Let&#8217;s Work Together!<\/a><\/div><\/div><\/div><\/div><\/div><\/div><div class=\"wpb_column vc_column_container vc_col-sm-6\"><div class=\"vc_column-inner\"><div class=\"wpb_wrapper\"><div class=\"col-md-6 col-md-height split-box-image cover-left  no-padding bg-image\" style=\"background-image: url(https:\/\/alabotnarescu.art\/wp-content\/uploads\/2025\/05\/20240607_145124-1.jpg); background-position: 50% 50%;\"><div class=\"sbi-height padding-height-85\" ><\/div><\/div><\/div><\/div><\/div><\/div><div class=\"vc_row wpb_row vc_row-fluid\"><div class=\"wpb_column vc_column_container vc_col-sm-6\"><div class=\"vc_column-inner\"><div class=\"wpb_wrapper\"><div class=\"col-md-6  col-md-height col-md-middle no-padding\" style=\"background-color: #ffe800 ;\"><div class=\"clients-carousel\"><div class=\"owl-carousel dots-outside dots-rounded\" data-items=\"5\" data-margin=\"30\" data-dots=\"true\" data-loop=\"true\" data-autoplay=\"true\" data-tablet-landscape=\"3\" data-tablet-portrait=\"5\" data-mobile-landscape=\"5\" data-mobile-portrait=\"3\"><a href=\"https:\/\/alabotnarescu.art\/de\/gallery\/luxembourg-art-prize\/\" target=\"_blank\" class=\"cc-item client-image\" title=\"\">\n\t\t\t<img data-recalc-dims=\"1\" decoding=\"async\" src=\"https:\/\/i0.wp.com\/alabotnarescu.art\/wp-content\/uploads\/2024\/04\/logo-02.png?w=900&#038;ssl=1\" alt=\"image\">\n\t\t\t<\/a><a href=\"https:\/\/alabotnarescu.art\/de\/gallery\/staufner-kunstpreis-2024\/\" target=\"_blank\" class=\"cc-item client-image\" title=\"\">\n\t\t\t<img data-recalc-dims=\"1\" decoding=\"async\" src=\"https:\/\/i0.wp.com\/alabotnarescu.art\/wp-content\/uploads\/2024\/04\/logo.png?w=900&#038;ssl=1\" alt=\"image\">\n\t\t\t<\/a><\/div><\/div><\/div><\/div><\/div><\/div><div class=\"wpb_column vc_column_container vc_col-sm-6\"><div class=\"vc_column-inner\"><div class=\"wpb_wrapper\"><div class=\"col-md-6 col-md-height col-md-middle\" style=\"background-image: url(https:\/\/alabotnarescu.art\/wp-content\/uploads\/2016\/11\/futura-2.jpg); \"><div class=\"split-box-content text-center\" ><div class=\"padding-30\" >\n<h2><strong data-start=\"214\" data-end=\"234\">What Clients Say<\/strong><\/h2>\n<p>Frau Ala Botnarescu ist eine gro\u00dfartige K\u00fcnstlerin und eine tolle Pers\u00f6nlichkeit. Sie hat f\u00fcr mich ein Familien Portrait angefertigt. Meine Vorstellungen des Bildes wurden durch ihre k\u00fcnstlerische Kompetenz und ihr technisches Geschick weit \u00fcbertroffen.<br \/>\nDas gefertigte Portrait spricht mich emotional sehr an und ber\u00fchrt mich tiefgreifend. Das Bild bereichert mein Leben.<br \/>\nDaf\u00fcr vielen Dank und f\u00fcr die Zukunft alles Gute<\/p>\n<h5>Manfred Madlener, Elhofen.<\/h5>\n<\/div><\/div><\/div><\/div><\/div><\/div><\/div>\n<\/div>","protected":false},"excerpt":{"rendered":"About me. My name is Ala, known on Instagram as @abstract_alunna. Originally from Moldova, I currently live in Bavaria, Germany. I\u2019m a graphic and web designer by profession, but my true passion has always been art \u2014 a love that began in childhood and grows stronger every day. I explore abstract forms, psychological themes, and [...]","protected":false},"author":1,"featured_media":1084,"parent":0,"menu_order":2,"comment_status":"closed","ping_status":"closed","template":"","meta":{"_uag_custom_page_level_css":"","footnotes":""},"class_list":["post-123","page","type-page","status-publish","has-post-thumbnail","hentry"],"uagb_featured_image_src":{"full":["https:\/\/i0.wp.com\/alabotnarescu.art\/wp-content\/uploads\/2024\/02\/Layer-17.jpg?fit=1920%2C1281&ssl=1",1920,1281,false],"thumbnail":["https:\/\/i0.wp.com\/alabotnarescu.art\/wp-content\/uploads\/2024\/02\/Layer-17.jpg?resize=150%2C150&ssl=1",150,150,true],"medium":["https:\/\/i0.wp.com\/alabotnarescu.art\/wp-content\/uploads\/2024\/02\/Layer-17.jpg?fit=300%2C200&ssl=1",300,200,true],"medium_large":["https:\/\/i0.wp.com\/alabotnarescu.art\/wp-content\/uploads\/2024\/02\/Layer-17.jpg?fit=768%2C512&ssl=1",768,512,true],"large":["https:\/\/i0.wp.com\/alabotnarescu.art\/wp-content\/uploads\/2024\/02\/Layer-17.jpg?fit=900%2C600&ssl=1",900,600,true],"1536x1536":["https:\/\/i0.wp.com\/alabotnarescu.art\/wp-content\/uploads\/2024\/02\/Layer-17.jpg?fit=1536%2C1025&ssl=1",1536,1025,true],"2048x2048":["https:\/\/i0.wp.com\/alabotnarescu.art\/wp-content\/uploads\/2024\/02\/Layer-17.jpg?fit=1920%2C1281&ssl=1",1920,1281,true],"trp-custom-language-flag":["https:\/\/i0.wp.com\/alabotnarescu.art\/wp-content\/uploads\/2024\/02\/Layer-17.jpg?fit=18%2C12&ssl=1",18,12,true],"post-thumbnail":["https:\/\/i0.wp.com\/alabotnarescu.art\/wp-content\/uploads\/2024\/02\/Layer-17.jpg?resize=559%2C220&ssl=1",559,220,true],"waldo_blog_image":["https:\/\/i0.wp.com\/alabotnarescu.art\/wp-content\/uploads\/2024\/02\/Layer-17.jpg?resize=750%2C500&ssl=1",750,500,true],"waldo_blog_gallery_image":["https:\/\/i0.wp.com\/alabotnarescu.art\/wp-content\/uploads\/2024\/02\/Layer-17.jpg?resize=750%2C375&ssl=1",750,375,true],"rpwe-thumbnail":["https:\/\/i0.wp.com\/alabotnarescu.art\/wp-content\/uploads\/2024\/02\/Layer-17.jpg?resize=45%2C45&ssl=1",45,45,true],"woocommerce_thumbnail":["https:\/\/i0.wp.com\/alabotnarescu.art\/wp-content\/uploads\/2024\/02\/Layer-17.jpg?resize=300%2C300&ssl=1",300,300,true],"woocommerce_single":["https:\/\/i0.wp.com\/alabotnarescu.art\/wp-content\/uploads\/2024\/02\/Layer-17.jpg?fit=600%2C400&ssl=1",600,400,true],"woocommerce_gallery_thumbnail":["https:\/\/i0.wp.com\/alabotnarescu.art\/wp-content\/uploads\/2024\/02\/Layer-17.jpg?resize=100%2C100&ssl=1",100,100,true]},"uagb_author_info":{"display_name":"Ala Botnarescu","author_link":"https:\/\/alabotnarescu.art\/de\/author\/alabotnarescu-art\/"},"uagb_comment_info":0,"uagb_excerpt":null,"jetpack_sharing_enabled":true,"_links":{"self":[{"href":"https:\/\/alabotnarescu.art\/de\/wp-json\/wp\/v2\/pages\/123","targetHints":{"allow":["GET"]}}],"collection":[{"href":"https:\/\/alabotnarescu.art\/de\/wp-json\/wp\/v2\/pages"}],"about":[{"href":"https:\/\/alabotnarescu.art\/de\/wp-json\/wp\/v2\/types\/page"}],"author":[{"embeddable":true,"href":"https:\/\/alabotnarescu.art\/de\/wp-json\/wp\/v2\/users\/1"}],"replies":[{"embeddable":true,"href":"https:\/\/alabotnarescu.art\/de\/wp-json\/wp\/v2\/comments?post=123"}],"version-history":[{"count":19,"href":"https:\/\/alabotnarescu.art\/de\/wp-json\/wp\/v2\/pages\/123\/revisions"}],"predecessor-version":[{"id":1872,"href":"https:\/\/alabotnarescu.art\/de\/wp-json\/wp\/v2\/pages\/123\/revisions\/1872"}],"wp:featuredmedia":[{"embeddable":true,"href":"https:\/\/alabotnarescu.art\/de\/wp-json\/wp\/v2\/media\/1084"}],"wp:attachment":[{"href":"https:\/\/alabotnarescu.art\/de\/wp-json\/wp\/v2\/media?parent=123"}],"curies":[{"name":"wp","href":"https:\/\/api.w.org\/{rel}","templated":true}]}}