{"id":110,"date":"2016-11-04T13:14:30","date_gmt":"2016-11-04T13:14:30","guid":{"rendered":"http:\/\/webredox.net\/demo\/wp\/waldo\/?page_id=110"},"modified":"2026-02-10T11:11:00","modified_gmt":"2026-02-10T11:11:00","slug":"ala-botnarescu-award-winning-visual-artist-bavaria","status":"publish","type":"page","link":"https:\/\/alabotnarescu.art\/de\/ala-botnarescu-award-winning-visual-artist-bavaria\/","title":{"rendered":"\u00dcber mich"},"content":{"rendered":"<div class=\"wpb-content-wrapper\"><div class=\"vc_row wpb_row vc_row-fluid\"><div class=\"wpb_column vc_column_container vc_col-sm-12\"><div class=\"vc_column-inner\"><div class=\"wpb_wrapper\"><div class=\"col-md-6 col-md-height col-md-middle\" style=\" \"><div class=\"split-box-content\" ><div class=\"padding-30\" >\n<h2>Ala Botnarescu \u2013 Bildende K\u00fcnstlerin in Bayern, Deutschland.<\/h2>\n<p data-start=\"130\" data-end=\"408\">Ich bin (<a class=\"\" href=\"https:\/\/www.instagram.com\/abstract_alunna\" target=\"_new\" rel=\"noopener nofollow\" data-start=\"206\" data-end=\"267\">@abstract_alunna<\/a> auf Instagram) eine bildende K\u00fcnstlerin, urspr\u00fcnglich aus Moldawien, jetzt in Scheidegg, Bayern, Deutschland ans\u00e4ssig. Obwohl ich seit meiner Kindheit zeichne, konzentriere ich mich in den letzten Jahren intensiv auf abstrakte Kunst und erkunde dabei psychologische Themen sowie die Sch\u00f6nheit der Natur.<\/p>\n<p data-start=\"410\" data-end=\"628\">Meine Arbeiten kombinieren Gelstifte und Tinte, Acryl- und \u00d6lfarben sowie Resin-Kunst und integrieren oft nat\u00fcrliche Materialien wie Holz, Blumen und Steine. Seit der Er\u00f6ffnung ihres Studio-Galerie im Jahr 2024 widmet sich Ala ganz ihrer k\u00fcnstlerischen Praxis und l\u00e4dt Besucher ein, ihr sich entwickelndes <a href=\"https:\/\/alabotnarescu.art\/de\/portfolio\/\">portfolio<\/a>, zu entdecken, das ihre Emotionen und pers\u00f6nlichen Ideen ausdr\u00fcckt und h\u00e4ufig von der Beziehung zwischen Mensch und Natur inspiriert ist.<\/p>\n<p data-start=\"410\" data-end=\"628\">Zwischen 2022 und 2025 war sie Mitglied des K\u00fcnstlerkreises Oberstaufen und nahm an <a href=\"https:\/\/alabotnarescu.art\/de\/gallery\/group-exhibitions-2024-2025\/\">Gruppenausstellungen<\/a> sowie k\u00fcnstlerischen Kooperationen teil, die ihre Arbeiten einem gr\u00f6\u00dferen Publikum zug\u00e4nglich machten.<\/p>\n<p data-start=\"410\" data-end=\"628\">Alas Kunst spiegelt das Zusammenspiel von menschlichen Emotionen und Natur wider und l\u00e4dt jeden Betrachterin dazu ein, auf individuelle Weise eine Verbindung zu den Werken herzustellen.<\/p>\n<p>&nbsp;<\/p>\n<h3 data-start=\"410\" data-end=\"628\"><strong>Ausstellungen:<\/strong><\/h3>\n<p data-start=\"893\" data-end=\"1030\"><strong data-start=\"444\" data-end=\"470\">2025 \u2013 Einzelausstellung<\/strong><br data-start=\"470\" data-end=\"473\" \/>\u201eEmotionen als Inspiration \u2013 Kunstausstellung von Ala Botnarescu\u201c | \ud83d\udccdRathaus Weiler\u2011Simmerberg, Deutschland.<\/p>\n<p><strong data-start=\"576\" data-end=\"617\">2024 \u2013 2026 \u2013 Private Solo Exhibition<\/strong><br data-start=\"617\" data-end=\"620\" \/>\ud83d\udccdAtelier Galerie Ala Botnarescu, Kirchplatz 3, 88175 Scheidegg, Germany.<\/p>\n<p><strong>Gruppenausstellungen:<\/strong><\/p>\n<ul>\n<li data-start=\"432\" data-end=\"496\">\n<p data-start=\"434\" data-end=\"496\"><strong>2025<\/strong> \u2013 \u201cNew Dare and Abstract\u201d | \ud83d\udccdArtcor, Chi\u0219in\u0103u, Moldawien.<\/p>\n<\/li>\n<li data-start=\"497\" data-end=\"573\">\n<p data-start=\"499\" data-end=\"573\"><strong>2025<\/strong> \u2013 \u201c22. Staufener Kunstausstellung\u201d | \ud83d\udccdKurhaus Oberstaufen, Deutschland.<\/p>\n<\/li>\n<li data-start=\"574\" data-end=\"645\">\n<p data-start=\"576\" data-end=\"645\"><strong>2025<\/strong> \u2013 \u201cGrenzenlos in Sachen Kunst\u201d | \ud83d\udccdLindenberg Passage, Deutschland.<\/p>\n<\/li>\n<li data-start=\"646\" data-end=\"714\">\n<p data-start=\"648\" data-end=\"714\"><strong>2024<\/strong> \u2013 \u201cKunstraum Atelier\u201d | \ud83d\udccdLandesgartenschau Wangen, Deutschland.<\/p>\n<\/li>\n<li data-start=\"715\" data-end=\"827\">\n<p data-start=\"717\" data-end=\"827\"><strong>2023<\/strong> \u2013 \u201e20. Jubil\u00e4umsausstellung\u201c (Gruppenausstellung des K\u00fcnstlerkreises Oberstaufen) | \ud83d\udccdKurhaus Oberstaufen, Deutschland.<\/p>\n<\/li>\n<\/ul>\n<p><strong data-start=\"899\" data-end=\"931\">2024 \u2013 Zwei-Personen-Ausstellung<\/strong><br data-start=\"931\" data-end=\"934\" \/>(mit Jeannette Lindermann) | \ud83d\udccdPraxis Stefan Wieder, Isny, Deutschland.<\/p>\n<p>&nbsp;<\/p>\n<h3 data-start=\"410\" data-end=\"628\"><strong>Auszeichnungen:<\/strong><\/h3>\n<p><strong>2024 \u2013<\/strong> <strong>Staufner Kunstpreis\u00a0<\/strong><span style=\"font-family: 'Ubuntu Mono', Helvetica, Arial, sans-serif; font-size: 17px;\">|<\/span>\u00a0Hauptpreis w\u00e4hrend der Gruppenausstellung des deutschen K\u00fcnstlerkreis Oberstaufen, dessen Mitglied sie war, f\u00fcr ihr Cyanotypie-Kunstwerk \u201eEin Kleid aus der Vergangenheit\u201c.<\/p>\n<p><strong>2023 \u2013<\/strong> <strong>Zertifikat f\u00fcr k\u00fcnstlerische Leistungen des Luxembourg Art Prize<\/strong>\u00a0<span style=\"font-family: 'Ubuntu Mono', Helvetica, Arial, sans-serif; font-size: 17px;\">|<\/span> F\u00fcr hohe k\u00fcnstlerische Qualit\u00e4t.<\/p>\n<p>&nbsp;<\/p>\n<p>Finden Sie mich auf <a class=\"decorated-link\" href=\"https:\/\/www.saatchiart.com\/en-de\/alabotnarescu\" rel=\"noopener nofollow\" data-start=\"1045\" data-end=\"1064\" target=\"_blank\">Saatchi Art<\/a> Besuchen Sie mein <a href=\"https:\/\/share.google\/6pTY6injZ35o4cJrL\" rel=\"nofollow noopener\" target=\"_blank\">Atelier in Scheidegg<\/a>.<\/p>\n<p>&nbsp;<\/p>\n<p>Schicken Sie mir eine Nachricht oder buchen Sie einen Atelierbesuch unter: Kirchplatz 3, 88175 Scheidegg, Deutschland<\/p>\n<p><a class=\"btn btn-dark-bordered margin-top-20\" href=\"https:\/\/alabotnarescu.art\/index.php\/contact\/\">Kontaktieren Sie mich<\/a><\/div><\/div><\/div><\/div><\/div><\/div><\/div><div class=\"vc_row wpb_row vc_row-fluid\"><div class=\"wpb_column vc_column_container vc_col-sm-6\"><div class=\"vc_column-inner\"><div class=\"wpb_wrapper\"><div class=\"col-md-6 col-md-height col-md-middle\" style=\" background-color: #111111 ;\"><div class=\"split-box-content\" style=\"color: #a78339;\"><div class=\"padding-30\" style=\"background-color: #111111;\">\n<h2>Portfolio-Bewertungen<\/h2>\n<p>von STUDIO R\u00d6.<\/p>\n<blockquote><p><em>Wie bewerten Sie die Technik der K\u00fcnstlerin (in Bezug auf Farben, Formen, Textur und Gr\u00f6\u00dfe)? Was halten Sie von den verwendeten Materialien, dem Medium und dem Arbeitsprozess?<\/em><\/p><\/blockquote>\n<p>Studio R\u00f6: Alas Farbpalette ist vielseitig, aber vielleicht k\u00f6nnten Sie etwas tiefer in die geometrischen Formen eintauchen\u2026<\/p>\n<p>For more details or to read the full portfolio review, please visit the <a href=\"https:\/\/alabotnarescu.art\/de\/portfolio-review-by-studio-ro-from-milan-italy\/\">Blogbeitrag<\/a>.<\/div><\/div><\/div><\/div><\/div><\/div><div class=\"wpb_column vc_column_container vc_col-sm-6\"><div class=\"vc_column-inner\"><div class=\"wpb_wrapper\"><div class=\"col-md-6  col-md-height col-md-middle no-padding\" style=\"background-color: #ffe800 ;\"><div class=\"clients-carousel\"><div class=\"owl-carousel dots-outside dots-rounded\" data-items=\"5\" data-margin=\"30\" data-dots=\"true\" data-loop=\"true\" data-autoplay=\"true\" data-tablet-landscape=\"3\" data-tablet-portrait=\"5\" data-mobile-landscape=\"5\" data-mobile-portrait=\"3\"><a href=\"https:\/\/alabotnarescu.art\/index.php\/gallery\/staufner-kunstpreis-2024\/\" target=\"_blank\" class=\"cc-item client-image\" title=\"\">\n\t\t\t<img data-recalc-dims=\"1\" decoding=\"async\" src=\"https:\/\/i0.wp.com\/alabotnarescu.art\/wp-content\/uploads\/2024\/04\/logo.png?w=900&#038;ssl=1\" alt=\"image\">\n\t\t\t<\/a><a href=\"https:\/\/alabotnarescu.art\/index.php\/gallery\/luxembourg-art-prize\/\" target=\"_blank\" class=\"cc-item client-image\" title=\"\">\n\t\t\t<img data-recalc-dims=\"1\" decoding=\"async\" src=\"https:\/\/i0.wp.com\/alabotnarescu.art\/wp-content\/uploads\/2024\/04\/logo-02.png?w=900&#038;ssl=1\" alt=\"image\">\n\t\t\t<\/a><\/div><\/div><\/div><\/div><\/div><\/div><\/div>\n<\/div>","protected":false},"excerpt":{"rendered":"Ala Botnarescu \u2013 Visual Artist in Bavaria, Germany. I'm (@abstract_alunna on Instagram) a visual artist originally from Moldova, now based in Scheidegg, Bavaria, Germany. Although I have been drawing since childhood, I have been focusing intensively on creating abstract art in recent years, exploring psychological themes and the beauty of nature. My works combine gel [...]","protected":false},"author":1,"featured_media":1084,"parent":0,"menu_order":1,"comment_status":"closed","ping_status":"closed","template":"","meta":{"_uag_custom_page_level_css":"","footnotes":""},"class_list":["post-110","page","type-page","status-publish","has-post-thumbnail","hentry"],"uagb_featured_image_src":{"full":["https:\/\/i0.wp.com\/alabotnarescu.art\/wp-content\/uploads\/2024\/02\/Layer-17.jpg?fit=1920%2C1281&ssl=1",1920,1281,false],"thumbnail":["https:\/\/i0.wp.com\/alabotnarescu.art\/wp-content\/uploads\/2024\/02\/Layer-17.jpg?resize=150%2C150&ssl=1",150,150,true],"medium":["https:\/\/i0.wp.com\/alabotnarescu.art\/wp-content\/uploads\/2024\/02\/Layer-17.jpg?fit=300%2C200&ssl=1",300,200,true],"medium_large":["https:\/\/i0.wp.com\/alabotnarescu.art\/wp-content\/uploads\/2024\/02\/Layer-17.jpg?fit=768%2C512&ssl=1",768,512,true],"large":["https:\/\/i0.wp.com\/alabotnarescu.art\/wp-content\/uploads\/2024\/02\/Layer-17.jpg?fit=900%2C600&ssl=1",900,600,true],"1536x1536":["https:\/\/i0.wp.com\/alabotnarescu.art\/wp-content\/uploads\/2024\/02\/Layer-17.jpg?fit=1536%2C1025&ssl=1",1536,1025,true],"2048x2048":["https:\/\/i0.wp.com\/alabotnarescu.art\/wp-content\/uploads\/2024\/02\/Layer-17.jpg?fit=1920%2C1281&ssl=1",1920,1281,true],"trp-custom-language-flag":["https:\/\/i0.wp.com\/alabotnarescu.art\/wp-content\/uploads\/2024\/02\/Layer-17.jpg?fit=18%2C12&ssl=1",18,12,true],"post-thumbnail":["https:\/\/i0.wp.com\/alabotnarescu.art\/wp-content\/uploads\/2024\/02\/Layer-17.jpg?resize=559%2C220&ssl=1",559,220,true],"waldo_blog_image":["https:\/\/i0.wp.com\/alabotnarescu.art\/wp-content\/uploads\/2024\/02\/Layer-17.jpg?resize=750%2C500&ssl=1",750,500,true],"waldo_blog_gallery_image":["https:\/\/i0.wp.com\/alabotnarescu.art\/wp-content\/uploads\/2024\/02\/Layer-17.jpg?resize=750%2C375&ssl=1",750,375,true],"rpwe-thumbnail":["https:\/\/i0.wp.com\/alabotnarescu.art\/wp-content\/uploads\/2024\/02\/Layer-17.jpg?resize=45%2C45&ssl=1",45,45,true],"woocommerce_thumbnail":["https:\/\/i0.wp.com\/alabotnarescu.art\/wp-content\/uploads\/2024\/02\/Layer-17.jpg?resize=300%2C300&ssl=1",300,300,true],"woocommerce_single":["https:\/\/i0.wp.com\/alabotnarescu.art\/wp-content\/uploads\/2024\/02\/Layer-17.jpg?fit=600%2C400&ssl=1",600,400,true],"woocommerce_gallery_thumbnail":["https:\/\/i0.wp.com\/alabotnarescu.art\/wp-content\/uploads\/2024\/02\/Layer-17.jpg?resize=100%2C100&ssl=1",100,100,true]},"uagb_author_info":{"display_name":"Ala Botnarescu","author_link":"https:\/\/alabotnarescu.art\/de\/author\/alabotnarescu-art\/"},"uagb_comment_info":0,"uagb_excerpt":null,"jetpack_sharing_enabled":true,"_links":{"self":[{"href":"https:\/\/alabotnarescu.art\/de\/wp-json\/wp\/v2\/pages\/110","targetHints":{"allow":["GET"]}}],"collection":[{"href":"https:\/\/alabotnarescu.art\/de\/wp-json\/wp\/v2\/pages"}],"about":[{"href":"https:\/\/alabotnarescu.art\/de\/wp-json\/wp\/v2\/types\/page"}],"author":[{"embeddable":true,"href":"https:\/\/alabotnarescu.art\/de\/wp-json\/wp\/v2\/users\/1"}],"replies":[{"embeddable":true,"href":"https:\/\/alabotnarescu.art\/de\/wp-json\/wp\/v2\/comments?post=110"}],"version-history":[{"count":79,"href":"https:\/\/alabotnarescu.art\/de\/wp-json\/wp\/v2\/pages\/110\/revisions"}],"predecessor-version":[{"id":2640,"href":"https:\/\/alabotnarescu.art\/de\/wp-json\/wp\/v2\/pages\/110\/revisions\/2640"}],"wp:featuredmedia":[{"embeddable":true,"href":"https:\/\/alabotnarescu.art\/de\/wp-json\/wp\/v2\/media\/1084"}],"wp:attachment":[{"href":"https:\/\/alabotnarescu.art\/de\/wp-json\/wp\/v2\/media?parent=110"}],"curies":[{"name":"wp","href":"https:\/\/api.w.org\/{rel}","templated":true}]}}